{"id":1505,"date":"2024-11-20T14:38:03","date_gmt":"2024-11-20T06:38:03","guid":{"rendered":"https:\/\/lgsmachine.com\/?page_id=1505"},"modified":"2024-11-20T14:45:20","modified_gmt":"2024-11-20T06:45:20","slug":"privacy-policy","status":"publish","type":"page","link":"https:\/\/www.lgsmachine.com\/cs\/zasady-ochrany-osobnich-udaju\/","title":{"rendered":"Z\u00e1sady ochrany osobn\u00edch \u00fadaj\u016f"},"content":{"rendered":"<p>Kdo jsme<\/p>\r\n<p>Doporu\u010den\u00fd text: Na\u0161e webov\u00e1 adresa je: https:\/\/lgsmachine.com.<\/p>\r\n<p>Koment\u00e1\u0159e<\/p>\r\n<p>Doporu\u010den\u00fd text: P\u0159i zanech\u00e1v\u00e1n\u00ed koment\u00e1\u0159\u016f n\u00e1v\u0161t\u011bvn\u00edky shroma\u017e\u010fujeme \u00fadaje zobrazen\u00e9 ve formul\u00e1\u0159i koment\u00e1\u0159e a IP adresu n\u00e1v\u0161t\u011bvn\u00edka a \u0159et\u011bzec user agent prohl\u00ed\u017ee\u010de, abychom usnadnili odhalov\u00e1n\u00ed spamu.<\/p>\r\n<p>Slu\u017eb\u011b Gravatar m\u016f\u017ee b\u00fdt poskytnut anonymizovan\u00fd \u0159et\u011bzec vytvo\u0159en\u00fd z va\u0161\u00ed e-mailov\u00e9 adresy (naz\u00fdvan\u00fd tak\u00e9 hash), aby zjistila, zda ji pou\u017e\u00edv\u00e1te. Z\u00e1sady ochrany osobn\u00edch \u00fadaj\u016f slu\u017eby Gravatar jsou k dispozici zde: https:\/\/automattic.com\/privacy\/. Po schv\u00e1len\u00ed va\u0161eho koment\u00e1\u0159e bude v\u00e1\u0161 profilov\u00fd obr\u00e1zek viditeln\u00fd pro ve\u0159ejnost vedle va\u0161eho koment\u00e1\u0159e.<\/p>\r\n<p>M\u00e9dia<\/p>\r\n<p>Doporu\u010den\u00fd text: Pokud na web nahr\u00e1v\u00e1te obr\u00e1zky, m\u011bli byste se vyhnout nahr\u00e1v\u00e1n\u00ed obr\u00e1zk\u016f s vlo\u017een\u00fdmi \u00fadaji o poloze (EXIF GPS). N\u00e1v\u0161t\u011bvn\u00edci webu mohou z obr\u00e1zk\u016f na webu stahovat a z\u00edsk\u00e1vat \u00fadaje o poloze.<\/p>\r\n<p>Soubory cookie<\/p>\r\n<p>Doporu\u010den\u00fd text: Pokud na na\u0161ich str\u00e1nk\u00e1ch zanech\u00e1te koment\u00e1\u0159, m\u016f\u017eete souhlasit s ulo\u017een\u00edm va\u0161eho jm\u00e9na, e-mailov\u00e9 adresy a webov\u00e9 str\u00e1nky do soubor\u016f cookie. Je to pro va\u0161e pohodl\u00ed, abyste p\u0159i zanech\u00e1n\u00ed dal\u0161\u00edho koment\u00e1\u0159e nemuseli znovu vypl\u0148ovat sv\u00e9 \u00fadaje. Tyto soubory cookie vydr\u017e\u00ed po dobu jednoho roku.<\/p>\r\n<p>Pokud nav\u0161t\u00edv\u00edte na\u0161i p\u0159ihla\u0161ovac\u00ed str\u00e1nku, nastav\u00edme do\u010dasn\u00fd soubor cookie, abychom zjistili, zda v\u00e1\u0161 prohl\u00ed\u017ee\u010d p\u0159ij\u00edm\u00e1 soubory cookie. Tento soubor cookie neobsahuje \u017e\u00e1dn\u00e9 osobn\u00ed \u00fadaje a po zav\u0159en\u00ed prohl\u00ed\u017ee\u010de je odstran\u011bn.<\/p>\r\n<p>P\u0159i p\u0159ihla\u0161ov\u00e1n\u00ed nastav\u00edme n\u011bkolik soubor\u016f cookie, abychom si zapamatovali va\u0161e p\u0159ihla\u0161ovac\u00ed \u00fadaje a volby zobrazen\u00ed na obrazovce. Soubory cookie pro p\u0159ihl\u00e1\u0161en\u00ed vydr\u017e\u00ed dva dny a soubory cookie pro volby zobrazen\u00ed obrazovky vydr\u017e\u00ed rok. Pokud vyberete mo\u017enost \"Zapamatovat si m\u011b\", z\u016fstane va\u0161e p\u0159ihl\u00e1\u0161en\u00ed zachov\u00e1no po dobu dvou t\u00fddn\u016f. Pokud se ze sv\u00e9ho \u00fa\u010dtu odhl\u00e1s\u00edte, p\u0159ihla\u0161ovac\u00ed soubory cookie budou odstran\u011bny.<\/p>\r\n<p>Pokud uprav\u00edte nebo zve\u0159ejn\u00edte \u010dl\u00e1nek, ulo\u017e\u00edme do va\u0161eho prohl\u00ed\u017ee\u010de dal\u0161\u00ed soubor cookie. Tento soubor cookie neobsahuje \u017e\u00e1dn\u00e9 osobn\u00ed \u00fadaje a pamatuje si pouze ID \u010dl\u00e1nku, kter\u00fd jste pr\u00e1v\u011b upravili. Tento soubor cookie vydr\u017e\u00ed jeden den.<\/p>\r\n<p>Vlo\u017een\u00fd obsah z jin\u00fdch webov\u00fdch str\u00e1nek<\/p>\r\n<p>Doporu\u010den\u00fd text: \u010cl\u00e1nky na t\u011bchto str\u00e1nk\u00e1ch mohou obsahovat vlo\u017een\u00fd obsah (nap\u0159. videa, obr\u00e1zky, \u010dl\u00e1nky atd.). Vlo\u017een\u00fd obsah z jin\u00fdch webov\u00fdch str\u00e1nek se chov\u00e1 stejn\u011b, jako kdybyste jin\u00e9 webov\u00e9 str\u00e1nky nav\u0161t\u00edvili p\u0159\u00edmo.<\/p>\r\n<p>Tyto str\u00e1nky mohou shroma\u017e\u010fovat \u00fadaje o v\u00e1s, pou\u017e\u00edvat soubory cookie, vkl\u00e1dat dal\u0161\u00ed sledov\u00e1n\u00ed t\u0159et\u00edch stran a sledovat va\u0161e interakce s takov\u00fdm vlo\u017een\u00fdm obsahem, v\u010detn\u011b sledov\u00e1n\u00ed va\u0161ich interakc\u00ed s vlo\u017een\u00fdm obsahem, pokud m\u00e1te na t\u011bchto str\u00e1nk\u00e1ch \u00fa\u010det a jste na nich p\u0159ihl\u00e1\u0161eni.<\/p>\r\n<p>S k\u00fdm sd\u00edl\u00edme va\u0161e informace<\/p>\r\n<p>Doporu\u010den\u00fd text: Pokud po\u017e\u00e1d\u00e1te o obnoven\u00ed hesla, bude va\u0161e IP adresa uvedena v e-mailu o obnoven\u00ed hesla.<\/p>\r\n<p>Jak dlouho uchov\u00e1v\u00e1me va\u0161e \u00fadaje<\/p>\r\n<p>Doporu\u010den\u00fd text: Pokud zanech\u00e1te koment\u00e1\u0159, koment\u00e1\u0159 a jeho metadata se uchov\u00e1vaj\u00ed po neomezenou dobu. D\u011bl\u00e1me to proto, abychom mohli rozpoznat a automaticky schv\u00e1lit v\u0161echny n\u00e1sleduj\u00edc\u00ed koment\u00e1\u0159e, m\u00edsto abychom je dr\u017eeli ve front\u011b na moderaci.<\/p>\r\n<p>U registrovan\u00fdch u\u017eivatel\u016f t\u011bchto str\u00e1nek ukl\u00e1d\u00e1me tak\u00e9 osobn\u00ed \u00fadaje, kter\u00e9 u\u017eivatel\u00e9 uvedou ve sv\u00e9m profilu. V\u0161ichni u\u017eivatel\u00e9 mohou sv\u00e9 osobn\u00ed \u00fadaje kdykoli zobrazit, upravit nebo smazat (krom\u011b toho, \u017ee nemohou zm\u011bnit sv\u00e9 u\u017eivatelsk\u00e9 jm\u00e9no); tyto \u00fadaje mohou zobrazit a upravit tak\u00e9 spr\u00e1vci webu.<\/p>\r\n<p>Jak\u00e1 m\u00e1te pr\u00e1va na sv\u00e9 informace<\/p>\r\n<p>Doporu\u010den\u00fd text: Pokud m\u00e1te na t\u011bchto str\u00e1nk\u00e1ch \u00fa\u010det nebo jste zanechali koment\u00e1\u0159, m\u016f\u017eete po\u017e\u00e1dat o zasl\u00e1n\u00ed exportovan\u00e9ho souboru osobn\u00edch \u00fadaj\u016f, kter\u00e9 o v\u00e1s uchov\u00e1v\u00e1me, v\u010detn\u011b v\u0161ech \u00fadaj\u016f, kter\u00e9 jste n\u00e1m poskytli. M\u016f\u017eete tak\u00e9 po\u017e\u00e1dat o vymaz\u00e1n\u00ed v\u0161ech osobn\u00edch \u00fadaj\u016f, kter\u00e9 o v\u00e1s uchov\u00e1v\u00e1me. To se net\u00fdk\u00e1 \u00fadaj\u016f, kter\u00e9 jsme povinni uchov\u00e1vat z administrativn\u00edch, pr\u00e1vn\u00edch nebo bezpe\u010dnostn\u00edch d\u016fvod\u016f.<\/p>\r\n<p>Kam jsou va\u0161e \u00fadaje odes\u00edl\u00e1ny<\/p>\r\n<p>Doporu\u010den\u00fd text: Koment\u00e1\u0159e n\u00e1v\u0161t\u011bvn\u00edk\u016f mohou b\u00fdt kontrolov\u00e1ny prost\u0159ednictv\u00edm automatick\u00e9 slu\u017eby pro detekci spamu.<\/p>","protected":false},"excerpt":{"rendered":"<p>Kdo jsme Doporu\u010den\u00fd text: Na\u0161e webov\u00e1 adresa je: https:\/\/lgsmachine.com. Koment\u00e1\u0159e Doporu\u010den\u00fd text: Kdy\u017e n\u00e1v\u0161t\u011bvn\u00edci zanech\u00e1vaj\u00ed koment\u00e1\u0159e, shroma\u017e\u010fujeme \u00fadaje zobrazen\u00e9 ve formul\u00e1\u0159i koment\u00e1\u0159e a IP adresu n\u00e1v\u0161t\u011bvn\u00edka a \u0159et\u011bzec user agent prohl\u00ed\u017ee\u010de, abychom pomohli odhalit spam. M\u016f\u017ee b\u00fdt poskytnut anonymizovan\u00fd \u0159et\u011bzec vytvo\u0159en\u00fd z va\u0161\u00ed e-mailov\u00e9 adresy (naz\u00fdvan\u00fd tak\u00e9 hash) [...].<\/p>","protected":false},"author":1,"featured_media":0,"parent":0,"menu_order":0,"comment_status":"closed","ping_status":"closed","template":"","meta":[],"acf":[],"_links":{"self":[{"href":"https:\/\/www.lgsmachine.com\/cs\/wp-json\/wp\/v2\/pages\/1505"}],"collection":[{"href":"https:\/\/www.lgsmachine.com\/cs\/wp-json\/wp\/v2\/pages"}],"about":[{"href":"https:\/\/www.lgsmachine.com\/cs\/wp-json\/wp\/v2\/types\/page"}],"author":[{"embeddable":true,"href":"https:\/\/www.lgsmachine.com\/cs\/wp-json\/wp\/v2\/users\/1"}],"replies":[{"embeddable":true,"href":"https:\/\/www.lgsmachine.com\/cs\/wp-json\/wp\/v2\/comments?post=1505"}],"version-history":[{"count":0,"href":"https:\/\/www.lgsmachine.com\/cs\/wp-json\/wp\/v2\/pages\/1505\/revisions"}],"wp:attachment":[{"href":"https:\/\/www.lgsmachine.com\/cs\/wp-json\/wp\/v2\/media?parent=1505"}],"curies":[{"name":"wp","href":"https:\/\/api.w.org\/{rel}","templated":true}]}}