{"id":684,"date":"2024-04-26T11:19:57","date_gmt":"2024-04-26T03:19:57","guid":{"rendered":"https:\/\/lgsmachine.com\/?page_id=684"},"modified":"2024-11-05T15:37:07","modified_gmt":"2024-11-05T07:37:07","slug":"faq","status":"publish","type":"page","link":"https:\/\/www.lgsmachine.com\/cs\/faq\/","title":{"rendered":"\u010cASTO KLADEN\u00c9 DOTAZY"},"content":{"rendered":"<div data-elementor-type=\"wp-page\" data-elementor-id=\"684\" class=\"elementor elementor-684\">\n\t\t\t\t\t\t\t\t\t<section class=\"elementor-section elementor-top-section elementor-element elementor-element-e7965f2 elementor-section-height-min-height elementor-section-boxed elementor-section-height-default elementor-section-items-middle\" data-id=\"e7965f2\" data-element_type=\"section\" data-settings=\"{&quot;background_background&quot;:&quot;classic&quot;}\">\n\t\t\t\t\t\t\t<div class=\"elementor-background-overlay\"><\/div>\n\t\t\t\t\t\t\t<div class=\"elementor-container elementor-column-gap-default\">\n\t\t\t\t\t<div class=\"elementor-column elementor-col-100 elementor-top-column elementor-element elementor-element-63f9e7f\" data-id=\"63f9e7f\" data-element_type=\"column\">\n\t\t\t<div class=\"elementor-widget-wrap elementor-element-populated\">\n\t\t\t\t\t\t\t\t<div class=\"elementor-element elementor-element-c52ce48 elementor-widget elementor-widget-heading\" data-id=\"c52ce48\" data-element_type=\"widget\" data-widget_type=\"heading.default\">\n\t\t\t\t<div class=\"elementor-widget-container\">\n\t\t\t<style>\/*! elementor - v3.13.1 - 09-05-2023 *\/\n.elementor-heading-title{padding:0;margin:0;line-height:1}.elementor-widget-heading .elementor-heading-title[class*=elementor-size-]>a{color:inherit;font-size:inherit;line-height:inherit}.elementor-widget-heading .elementor-heading-title.elementor-size-small{font-size:15px}.elementor-widget-heading .elementor-heading-title.elementor-size-medium{font-size:19px}.elementor-widget-heading .elementor-heading-title.elementor-size-large{font-size:29px}.elementor-widget-heading .elementor-heading-title.elementor-size-xl{font-size:39px}.elementor-widget-heading .elementor-heading-title.elementor-size-xxl{font-size:59px}<\/style><h1 class=\"elementor-heading-title elementor-size-default\">\u010cASTO KLADEN\u00c9 DOTAZY<\/h1>\t\t<\/div>\n\t\t\t\t<\/div>\n\t\t\t\t\t<\/div>\n\t\t<\/div>\n\t\t\t\t\t\t\t<\/div>\n\t\t<\/section>\n\t\t\t\t<section class=\"elementor-section elementor-top-section elementor-element elementor-element-1fdf805 elementor-section-boxed elementor-section-height-default elementor-section-height-default\" data-id=\"1fdf805\" data-element_type=\"section\" data-settings=\"{&quot;background_background&quot;:&quot;classic&quot;}\">\n\t\t\t\t\t\t<div class=\"elementor-container elementor-column-gap-default\">\n\t\t\t\t\t<div class=\"elementor-column elementor-col-100 elementor-top-column elementor-element elementor-element-64a9891\" data-id=\"64a9891\" data-element_type=\"column\">\n\t\t\t<div class=\"elementor-widget-wrap elementor-element-populated\">\n\t\t\t\t\t\t\t\t<div class=\"elementor-element elementor-element-d0393d5 breadcrumb elementor-widget elementor-widget-shortcode\" data-id=\"d0393d5\" data-element_type=\"widget\" data-widget_type=\"shortcode.default\">\n\t\t\t\t<div class=\"elementor-widget-container\">\n\t\t\t\t\t<div class=\"elementor-shortcode\"><nav aria-label=\"strouhanka\" class=\"rank-math-breadcrumb\"><p><span class=\"last\">Home<\/span><\/p><\/nav><\/div>\n\t\t\t\t<\/div>\n\t\t\t\t<\/div>\n\t\t\t\t\t<\/div>\n\t\t<\/div>\n\t\t\t\t\t\t\t<\/div>\n\t\t<\/section>\n\t\t\t\t<section class=\"elementor-section elementor-top-section elementor-element elementor-element-d3eaa56 elementor-section-boxed elementor-section-height-default elementor-section-height-default\" data-id=\"d3eaa56\" data-element_type=\"section\" data-settings=\"{&quot;background_background&quot;:&quot;classic&quot;}\">\n\t\t\t\t\t\t\t<div class=\"elementor-background-overlay\"><\/div>\n\t\t\t\t\t\t\t<div class=\"elementor-container elementor-column-gap-default\">\n\t\t\t\t\t<div class=\"elementor-column elementor-col-100 elementor-top-column elementor-element elementor-element-2d4a379\" data-id=\"2d4a379\" data-element_type=\"column\" data-settings=\"{&quot;background_background&quot;:&quot;classic&quot;}\">\n\t\t\t<div class=\"elementor-widget-wrap elementor-element-populated\">\n\t\t\t\t\t\t\t\t<div class=\"elementor-element elementor-element-54d8f55 bian elementor-widget elementor-widget-heading\" data-id=\"54d8f55\" data-element_type=\"widget\" data-widget_type=\"heading.default\">\n\t\t\t\t<div class=\"elementor-widget-container\">\n\t\t\t<h2 class=\"elementor-heading-title elementor-size-default\">\u010cASTO KLADEN\u00c9 DOTAZY<\/h2>\t\t<\/div>\n\t\t\t\t<\/div>\n\t\t\t\t<div class=\"elementor-element elementor-element-7746ee1 elementor-widget elementor-widget-adweb-pro-faq\" data-id=\"7746ee1\" data-element_type=\"widget\" data-widget_type=\"adweb-pro-faq.default\">\n\t\t\t\t<div class=\"elementor-widget-container\">\n\t\t\t\r\n\t\t<style>\r\n\t\t\t.adweb-panel .panel-heading{\r\n\t\t\t\tcursor: pointer;\r\n\t\t\t}\r\n\r\n\t\t\t.adweb-panel .panel-heading .icon-open,.adweb-panel .panel-heading.active .icon-default{\r\n\t\t\t\tdisplay: none;\r\n\t\t\t}\r\n\t\t\t.adweb-panel .panel-heading.active .icon-open{\r\n\t\t\t\tdisplay: inline-block;\r\n\t\t\t}\r\n\t\t\t.adweb-panel .panel-body{\r\n\t\t\t\tdisplay: none;\r\n\t\t\t\toverflow: hidden;\r\n\t\t\t}\r\n\t\t\t.adweb-panel .panel-heading h1,.adweb-panel .panel-heading h2,.adweb-panel .panel-heading h3\r\n\t\t\t,.adweb-panel .panel-heading h4,.adweb-panel .panel-heading h5,.adweb-panel .panel-heading h6,.adweb-panel .panel-heading div{\r\n\t\t\t\tmargin: 0;\r\n\t\t\t\tdisplay: inline-block;\r\n\t\t\t\tline-height: 20px;\r\n\t\t\t}\r\n\t\t<\/style>\r\n\t\t<div class=\"adweb-panel panel-group\">\r\n\t\t\t\t\t\t<div class=\"panel panel-default\">\r\n\t\t\t\t<div class=\"panel-heading\" onclick=\"toggleThis(this)\">\r\n\t\t\t\t\t\t\t\t\t\t\t<span class=\"icon-default\"><i class=\"fas fa-plus\"><\/i><\/span>\r\n\t\t\t\t\t\t<span class=\"icon-open\"><i class=\"fas fa-minus\"><\/i><\/span>\r\n\t\t\t\t\t\r\n\t\t\t\t\t<div>\r\n\t\t\t\t\t\t<span class=\"panel-heading-content\">Jak m\u016f\u017eete zajistit kvalitu sv\u00e9ho stroje?<\/span>\r\n\t\t\t\t\t<\/div>\r\n\r\n\r\n\r\n\t\t\t\t\t\t\t\t\t<\/div>\r\n\t\t\t\t<div class=\"panel-body\">\r\n\t\t\t\t\tKa\u017ed\u00e9 za\u0159\u00edzen\u00ed projde p\u0159ed instalac\u00ed testov\u00e1n\u00edm komponent a pot\u00e9 bude muset b\u00fdt odlad\u011bno tak, aby odpov\u00eddalo krit\u00e9ri\u00edm smlouvy.\t\t\t\t<\/div>\r\n\t\t\t<\/div>\r\n\t\t\t\t\t\t<div class=\"panel panel-default\">\r\n\t\t\t\t<div class=\"panel-heading\" onclick=\"toggleThis(this)\">\r\n\t\t\t\t\t\t\t\t\t\t\t<span class=\"icon-default\"><i class=\"fas fa-plus\"><\/i><\/span>\r\n\t\t\t\t\t\t<span class=\"icon-open\"><i class=\"fas fa-minus\"><\/i><\/span>\r\n\t\t\t\t\t\r\n\t\t\t\t\t<div>\r\n\t\t\t\t\t\t<span class=\"panel-heading-content\">Jak\u00e1 je z\u00e1ruka na objednan\u00fd stroj?<\/span>\r\n\t\t\t\t\t<\/div>\r\n\r\n\r\n\r\n\t\t\t\t\t\t\t\t\t<\/div>\r\n\t\t\t\t<div class=\"panel-body\">\r\n\t\t\t\t\tNa spr\u00e1vn\u00fd provoz a \u00fadr\u017ebu stroje je poskytov\u00e1na jednolet\u00e1 z\u00e1ruka od okam\u017eiku opu\u0161t\u011bn\u00ed na\u0161\u00ed tov\u00e1rny, s v\u00fdjimkou elektrick\u00fdch prvk\u016f.\t\t\t\t<\/div>\r\n\t\t\t<\/div>\r\n\t\t\t\t\t\t<div class=\"panel panel-default\">\r\n\t\t\t\t<div class=\"panel-heading\" onclick=\"toggleThis(this)\">\r\n\t\t\t\t\t\t\t\t\t\t\t<span class=\"icon-default\"><i class=\"fas fa-plus\"><\/i><\/span>\r\n\t\t\t\t\t\t<span class=\"icon-open\"><i class=\"fas fa-minus\"><\/i><\/span>\r\n\t\t\t\t\t\r\n\t\t\t\t\t<div>\r\n\t\t\t\t\t\t<span class=\"panel-heading-content\">Jste v\u00fdrobce?<\/span>\r\n\t\t\t\t\t<\/div>\r\n\r\n\r\n\r\n\t\t\t\t\t\t\t\t\t<\/div>\r\n\t\t\t\t<div class=\"panel-body\">\r\n\t\t\t\t\tAno, jsme profesion\u00e1ln\u00ed tov\u00e1rna na v\u00e1lcovac\u00ed stroje s v\u00edce ne\u017e 20 lety zku\u0161enost\u00ed s v\u00fdrobou.\u00a0\t\t\t\t<\/div>\r\n\t\t\t<\/div>\r\n\t\t\t\t\t\t<div class=\"panel panel-default\">\r\n\t\t\t\t<div class=\"panel-heading\" onclick=\"toggleThis(this)\">\r\n\t\t\t\t\t\t\t\t\t\t\t<span class=\"icon-default\"><i class=\"fas fa-plus\"><\/i><\/span>\r\n\t\t\t\t\t\t<span class=\"icon-open\"><i class=\"fas fa-minus\"><\/i><\/span>\r\n\t\t\t\t\t\r\n\t\t\t\t\t<div>\r\n\t\t\t\t\t\t<span class=\"panel-heading-content\">Jak\u00e1 je va\u0161e v\u00fdrobn\u00ed kapacita?<\/span>\r\n\t\t\t\t\t<\/div>\r\n\r\n\r\n\r\n\t\t\t\t\t\t\t\t\t<\/div>\r\n\t\t\t\t<div class=\"panel-body\">\r\n\t\t\t\t\tV\u00fdrobn\u00ed kapacita na\u0161\u00ed tov\u00e1rny je p\u0159ibli\u017en\u011b 30 stroj\u016f m\u011bs\u00ed\u010dn\u011b.\t\t\t\t<\/div>\r\n\t\t\t<\/div>\r\n\t\t\t\t\t\t<div class=\"panel panel-default\">\r\n\t\t\t\t<div class=\"panel-heading\" onclick=\"toggleThis(this)\">\r\n\t\t\t\t\t\t\t\t\t\t\t<span class=\"icon-default\"><i class=\"fas fa-plus\"><\/i><\/span>\r\n\t\t\t\t\t\t<span class=\"icon-open\"><i class=\"fas fa-minus\"><\/i><\/span>\r\n\t\t\t\t\t\r\n\t\t\t\t\t<div>\r\n\t\t\t\t\t\t<span class=\"panel-heading-content\">Co m\u00e1m d\u011blat, kdy\u017e se teprve za\u010d\u00edn\u00e1m seznamovat s v\u00e1lcovac\u00edmi stroji?<\/span>\r\n\t\t\t\t\t<\/div>\r\n\r\n\r\n\r\n\t\t\t\t\t\t\t\t\t<\/div>\r\n\t\t\t\t<div class=\"panel-body\">\r\n\t\t\t\t\tKontaktujte n\u00e1s ihned, poskytujeme bezplatn\u00fd p\u0159edprodejn\u00ed servis.\t\t\t\t<\/div>\r\n\t\t\t<\/div>\r\n\t\t\t\t\t\t<div class=\"panel panel-default\">\r\n\t\t\t\t<div class=\"panel-heading\" onclick=\"toggleThis(this)\">\r\n\t\t\t\t\t\t\t\t\t\t\t<span class=\"icon-default\"><i class=\"fas fa-plus\"><\/i><\/span>\r\n\t\t\t\t\t\t<span class=\"icon-open\"><i class=\"fas fa-minus\"><\/i><\/span>\r\n\t\t\t\t\t\r\n\t\t\t\t\t<div>\r\n\t\t\t\t\t\t<span class=\"panel-heading-content\">M\u016f\u017eete vyrobit stroj podle m\u00e9ho n\u00e1vrhu nebo typu fotografie?<\/span>\r\n\t\t\t\t\t<\/div>\r\n\r\n\r\n\r\n\t\t\t\t\t\t\t\t\t<\/div>\r\n\t\t\t\t<div class=\"panel-body\">\r\n\t\t\t\t\tAno. M\u00e1me profesion\u00e1ln\u00edho konstrukt\u00e9ra, kter\u00fd vypracuje nejvhodn\u011bj\u0161\u00ed design a v\u00fdrobn\u00ed pl\u00e1n pro stroj, kter\u00fd si u n\u00e1s objedn\u00e1te.\t\t\t\t<\/div>\r\n\t\t\t<\/div>\r\n\t\t\t\t\t<\/div>\r\n\t\t<script>\r\n\t\t\tfunction toggleThis(t){\r\n\t\t\t\tjQuery(t).toggleClass('active')\r\n\t\t\t\tjQuery(t).siblings('.panel-body').slideToggle(300)\r\n\t\t\t}\r\n\t\t<\/script>\r\n\t\t\t\t<\/div>\n\t\t\t\t<\/div>\n\t\t\t\t<div class=\"elementor-element elementor-element-81b0394 elementor-align-center elementor-widget elementor-widget-button\" data-id=\"81b0394\" data-element_type=\"widget\" data-widget_type=\"button.default\">\n\t\t\t\t<div class=\"elementor-widget-container\">\n\t\t\t\t\t<div class=\"elementor-button-wrapper\">\n\t\t\t<a href=\"#elementor-action%3Aaction%3Dpopup%3Aopen%26settings%3DeyJpZCI6IjIyMSIsInRvZ2dsZSI6ZmFsc2V9\" class=\"elementor-button-link elementor-button elementor-size-sm\" role=\"button\">\n\t\t\t\t\t\t<span class=\"elementor-button-content-wrapper\">\n\t\t\t\t\t\t<span class=\"elementor-button-text\">Dal\u0161\u00ed ot\u00e1zky<\/span>\n\t\t<\/span>\n\t\t\t\t\t<\/a>\n\t\t<\/div>\n\t\t\t\t<\/div>\n\t\t\t\t<\/div>\n\t\t\t\t\t<\/div>\n\t\t<\/div>\n\t\t\t\t\t\t\t<\/div>\n\t\t<\/section>\n\t\t\t\t\t\t\t<\/div>","protected":false},"excerpt":{"rendered":"<p>FAQ FAQ How Can You Ensure The Quality Of Your Machine? Each device will go through component testing before being installed, and it will need to be debugged there after to match the contract&#8217;s criteria. What\u2019s The Guarantee For The Machine We Ordered? In correct operation &amp; maintaining, the machine is guaranteed for one year [&hellip;]<\/p>","protected":false},"author":1,"featured_media":0,"parent":0,"menu_order":0,"comment_status":"closed","ping_status":"closed","template":"","meta":[],"acf":[],"_links":{"self":[{"href":"https:\/\/www.lgsmachine.com\/cs\/wp-json\/wp\/v2\/pages\/684"}],"collection":[{"href":"https:\/\/www.lgsmachine.com\/cs\/wp-json\/wp\/v2\/pages"}],"about":[{"href":"https:\/\/www.lgsmachine.com\/cs\/wp-json\/wp\/v2\/types\/page"}],"author":[{"embeddable":true,"href":"https:\/\/www.lgsmachine.com\/cs\/wp-json\/wp\/v2\/users\/1"}],"replies":[{"embeddable":true,"href":"https:\/\/www.lgsmachine.com\/cs\/wp-json\/wp\/v2\/comments?post=684"}],"version-history":[{"count":0,"href":"https:\/\/www.lgsmachine.com\/cs\/wp-json\/wp\/v2\/pages\/684\/revisions"}],"wp:attachment":[{"href":"https:\/\/www.lgsmachine.com\/cs\/wp-json\/wp\/v2\/media?parent=684"}],"curies":[{"name":"wp","href":"https:\/\/api.w.org\/{rel}","templated":true}]}}