{"id":1505,"date":"2024-11-20T14:38:03","date_gmt":"2024-11-20T06:38:03","guid":{"rendered":"https:\/\/lgsmachine.com\/?page_id=1505"},"modified":"2024-11-20T14:45:20","modified_gmt":"2024-11-20T06:45:20","slug":"privacy-policy","status":"publish","type":"page","link":"https:\/\/www.lgsmachine.com\/de\/datenschutzbestimmungen\/","title":{"rendered":"Datenschutzbestimmungen"},"content":{"rendered":"<p>Wer wir sind<\/p>\r\n<p>Empfohlener Text: Unsere Website-Adresse lautet: https:\/\/lgsmachine.com.<\/p>\r\n<p>Kommentare<\/p>\r\n<p>Empfohlener Text: Wenn Besucher Kommentare hinterlassen, erfassen wir die im Kommentarformular angezeigten Daten sowie die IP-Adresse des Besuchers und den User-Agent-String des Browsers, um die Spam-Erkennung zu erleichtern.<\/p>\r\n<p>Eine anonymisierte Zeichenfolge, die aus Ihrer E-Mail-Adresse erstellt wird (auch Hash genannt), kann dem Gravatar-Dienst zur Verf\u00fcgung gestellt werden, um zu sehen, ob Sie ihn benutzen. Die Datenschutzrichtlinien des Gravatar-Dienstes finden Sie hier: https:\/\/automattic.com\/privacy\/. Nach der Genehmigung Ihres Kommentars wird Ihr Profilbild neben Ihrem Kommentar f\u00fcr die \u00d6ffentlichkeit sichtbar sein.<\/p>\r\n<p>Medien<\/p>\r\n<p>Empfohlener Text: Wenn Sie Bilder auf die Website hochladen, sollten Sie es vermeiden, Bilder hochzuladen, die eingebettete Standortdaten (EXIF-GPS) enthalten. Besucher der Website k\u00f6nnen Standortdaten von Bildern auf der Website herunterladen und extrahieren.<\/p>\r\n<p>Cookies<\/p>\r\n<p>Empfohlener Text: Wenn Sie einen Kommentar auf unserer Website hinterlassen, k\u00f6nnen Sie sich damit einverstanden erkl\u00e4ren, dass Ihr Name, Ihre E-Mail-Adresse und Ihre Website in Cookies gespeichert werden. Dies dient Ihrer Bequemlichkeit, damit Sie Ihre Daten nicht erneut eingeben m\u00fcssen, wenn Sie einen weiteren Kommentar hinterlassen. Diese Cookies sind ein Jahr lang g\u00fcltig.<\/p>\r\n<p>Wenn Sie unsere Anmeldeseite besuchen, setzen wir ein tempor\u00e4res Cookie, um festzustellen, ob Ihr Browser Cookies zul\u00e4sst. Dieses Cookie enth\u00e4lt keine pers\u00f6nlichen Daten und wird gel\u00f6scht, wenn Sie Ihren Browser schlie\u00dfen.<\/p>\r\n<p>Wenn Sie sich anmelden, setzen wir au\u00dferdem mehrere Cookies, um Ihre Anmeldedaten und die von Ihnen gew\u00e4hlten Bildschirmoptionen zu speichern. Die Cookies f\u00fcr die Anmeldung bleiben zwei Tage lang gespeichert, die Cookies f\u00fcr die Anzeigeoptionen ein Jahr lang. Wenn Sie \"Angemeldet bleiben\" w\u00e4hlen, bleibt Ihr Login zwei Wochen lang erhalten. Wenn Sie sich von Ihrem Konto abmelden, werden die Anmelde-Cookies entfernt.<\/p>\r\n<p>Wenn Sie einen Artikel bearbeiten oder ver\u00f6ffentlichen, speichern wir ein zus\u00e4tzliches Cookie in Ihrem Browser. Dieses Cookie enth\u00e4lt keine pers\u00f6nlichen Daten und speichert nur die ID des Artikels, den Sie gerade bearbeitet haben. Dieses Cookie hat eine Lebensdauer von einem Tag.<\/p>\r\n<p>Eingebettete Inhalte von anderen Websites<\/p>\r\n<p>Empfohlener Text: Die Artikel auf dieser Website k\u00f6nnen eingebettete Inhalte (z. B. Videos, Bilder, Artikel usw.) enthalten. Eingebettete Inhalte von anderen Websites verhalten sich genauso, als ob Sie die andere Website direkt besucht h\u00e4tten.<\/p>\r\n<p>Diese Websites k\u00f6nnen Daten \u00fcber Sie sammeln, Cookies verwenden, zus\u00e4tzliche Trackingfunktionen von Dritten einbetten und Ihre Interaktionen mit solchen eingebetteten Inhalten \u00fcberwachen, einschlie\u00dflich der Verfolgung Ihrer Interaktionen mit den eingebetteten Inhalten, wenn Sie ein Konto auf diesen Websites haben und dort angemeldet sind.<\/p>\r\n<p>Mit wem wir Ihre Informationen teilen<\/p>\r\n<p>Empfohlener Text: Wenn Sie eine Kennwortr\u00fccksetzung anfordern, wird Ihre IP-Adresse in der E-Mail zur Kennwortr\u00fccksetzung angegeben.<\/p>\r\n<p>Wie lange bewahren wir Ihre Informationen auf?<\/p>\r\n<p>Empfohlener Text: Wenn Sie einen Kommentar hinterlassen, werden der Kommentar und seine Metadaten auf unbestimmte Zeit gespeichert. Wir tun dies, damit wir nachfolgende Kommentare erkennen und automatisch genehmigen k\u00f6nnen, anstatt sie in einer Moderationswarteschlange zu halten.<\/p>\r\n<p>F\u00fcr registrierte Benutzer dieser Website speichern wir auch die pers\u00f6nlichen Informationen, die die Benutzer in ihrem Profil angeben. Alle Nutzer k\u00f6nnen ihre pers\u00f6nlichen Daten jederzeit einsehen, bearbeiten oder l\u00f6schen (au\u00dfer sie k\u00f6nnen ihren Benutzernamen nicht \u00e4ndern); auch die Administratoren der Website k\u00f6nnen diese Daten einsehen und bearbeiten.<\/p>\r\n<p>Welche Rechte haben Sie in Bezug auf Ihre Daten?<\/p>\r\n<p>Empfohlener Text: Wenn Sie ein Konto auf dieser Website haben oder Kommentare hinterlassen haben, k\u00f6nnen Sie eine exportierte Datei mit den personenbezogenen Daten anfordern, die wir \u00fcber Sie gespeichert haben, einschlie\u00dflich der Daten, die Sie uns zur Verf\u00fcgung gestellt haben. Sie k\u00f6nnen auch verlangen, dass wir alle personenbezogenen Daten, die wir \u00fcber Sie gespeichert haben, l\u00f6schen. Dies gilt nicht f\u00fcr Daten, die wir aus verwaltungstechnischen, rechtlichen oder Sicherheitsgr\u00fcnden aufbewahren m\u00fcssen.<\/p>\r\n<p>Wohin Ihre Daten gesendet werden<\/p>\r\n<p>Empfohlener Text: Besucherkommentare k\u00f6nnen durch einen automatischen Spam-Erkennungsdienst \u00fcberpr\u00fcft werden.<\/p>","protected":false},"excerpt":{"rendered":"<p>Who we are Recommended text: Our website address is: https:\/\/lgsmachine.com. Comments Recommended text: When visitors leave comments we collect the data shown in the comments form, and the visitor&#8217;s IP address and browser user agent string to help spam detection. An anonymized string created from your email address (also called a hash) may be provided [&hellip;]<\/p>","protected":false},"author":1,"featured_media":0,"parent":0,"menu_order":0,"comment_status":"closed","ping_status":"closed","template":"","meta":[],"acf":[],"_links":{"self":[{"href":"https:\/\/www.lgsmachine.com\/de\/wp-json\/wp\/v2\/pages\/1505"}],"collection":[{"href":"https:\/\/www.lgsmachine.com\/de\/wp-json\/wp\/v2\/pages"}],"about":[{"href":"https:\/\/www.lgsmachine.com\/de\/wp-json\/wp\/v2\/types\/page"}],"author":[{"embeddable":true,"href":"https:\/\/www.lgsmachine.com\/de\/wp-json\/wp\/v2\/users\/1"}],"replies":[{"embeddable":true,"href":"https:\/\/www.lgsmachine.com\/de\/wp-json\/wp\/v2\/comments?post=1505"}],"version-history":[{"count":0,"href":"https:\/\/www.lgsmachine.com\/de\/wp-json\/wp\/v2\/pages\/1505\/revisions"}],"wp:attachment":[{"href":"https:\/\/www.lgsmachine.com\/de\/wp-json\/wp\/v2\/media?parent=1505"}],"curies":[{"name":"wp","href":"https:\/\/api.w.org\/{rel}","templated":true}]}}