{"id":1505,"date":"2024-11-20T14:38:03","date_gmt":"2024-11-20T06:38:03","guid":{"rendered":"https:\/\/lgsmachine.com\/?page_id=1505"},"modified":"2024-11-20T14:45:20","modified_gmt":"2024-11-20T06:45:20","slug":"privacy-policy","status":"publish","type":"page","link":"https:\/\/www.lgsmachine.com\/lt\/privacy-policy\/","title":{"rendered":"Privatumo politika"},"content":{"rendered":"<p>Kas mes esame<\/p>\r\n<p>Rekomenduojamas tekstas: M\u016bs\u0173 svetain\u0117s adresas: https:\/\/lgsmachine.com.<\/p>\r\n<p>Komentarai<\/p>\r\n<p>Rekomenduojamas tekstas: Kai lankytojai palieka komentarus, mes renkame komentar\u0173 formoje rodomus duomenis, taip pat lankytojo IP adres\u0105 ir nar\u0161ykl\u0117s vartotojo agento eilut\u0119, kad b\u016bt\u0173 lengviau aptikti \u0161lam\u0161t\u0105.<\/p>\r\n<p>I\u0161 j\u016bs\u0173 el. pa\u0161to adreso sukurta anonimin\u0117 eilut\u0117 (dar vadinama hash) gali b\u016bti pateikta \"Gravatar\" paslaugai, kad b\u016bt\u0173 galima nustatyti, ar j\u0105 naudojate. Su \"Gravatar\" paslaugos privatumo politika galite susipa\u017einti \u010dia: https:\/\/automattic.com\/privacy\/. Patvirtinus j\u016bs\u0173 komentar\u0105, j\u016bs\u0173 profilio nuotrauka bus matoma vie\u0161ai \u0161alia j\u016bs\u0173 komentaro.<\/p>\r\n<p>\u017diniasklaida<\/p>\r\n<p>Rekomenduojamas tekstas: Jei \u012f svetain\u0119 \u012fkeliate vaizdus, tur\u0117tum\u0117te vengti \u012fkelti vaizdus su \u012fterptais buvimo vietos duomenimis (EXIF GPS). Svetain\u0117s lankytojai gali atsisi\u0173sti ir i\u0161 svetain\u0117s vaizd\u0173 i\u0161gauti buvimo vietos duomenis.<\/p>\r\n<p>Slapukai<\/p>\r\n<p>Rekomenduojamas tekstas: Jei paliekate komentar\u0105 m\u016bs\u0173 svetain\u0117je, galite sutikti, kad j\u016bs\u0173 vardas, el. pa\u0161to adresas ir svetain\u0117 b\u016bt\u0173 \u012fra\u0161yti \u012f slapukus. Tai daroma j\u016bs\u0173 patogumui, kad jums nereik\u0117t\u0173 i\u0161 naujo pildyti savo duomen\u0173, kai paliekate kit\u0105 komentar\u0105. \u0160ie slapukai veiks vienerius metus.<\/p>\r\n<p>Jei apsilankysite m\u016bs\u0173 prisijungimo puslapyje, nustatysime laikin\u0105 slapuk\u0105, kad nustatytume, ar j\u016bs\u0173 nar\u0161ykl\u0117 priima slapukus. \u0160iame slapuke n\u0117ra joki\u0173 asmenini\u0173 duomen\u0173 ir jis i\u0161metamas, kai u\u017edarote nar\u0161ykl\u0119.<\/p>\r\n<p>Kai prisijungiate, taip pat nustatome kelet\u0105 slapuk\u0173, kad \u012fsimintume j\u016bs\u0173 prisijungimo duomenis ir ekrano rodymo pasirinkimus. Prisijungimo slapukai galioja dvi dienas, o ekrano rodymo parink\u010di\u0173 slapukai - metus. Jei pasirinksite \"Prisiminti mane\", j\u016bs\u0173 prisijungimo duomenys i\u0161liks dvi savaites. Jei i\u0161eisite i\u0161 savo paskyros, prisijungimo slapukai bus pa\u0161alinti.<\/p>\r\n<p>Jei redaguojate arba publikuojate straipsn\u012f, j\u016bs\u0173 nar\u0161ykl\u0117je i\u0161saugosime papildom\u0105 slapuk\u0105. \u0160iame slapuke n\u0117ra joki\u0173 asmenini\u0173 duomen\u0173, jis tik \u012fsimena k\u0105 tik redaguoto straipsnio ID. \u0160is slapukas galioja vien\u0105 dien\u0105.<\/p>\r\n<p>\u012eterptasis turinys i\u0161 kit\u0173 svetaini\u0173<\/p>\r\n<p>Rekomenduojamas tekstas: \u012e \u0161ios svetain\u0117s straipsnius gali b\u016bti \u012fterptas turinys (pvz., vaizdo \u012fra\u0161ai, paveiksl\u0117liai, straipsniai ir pan.). \u012eterptasis turinys i\u0161 kit\u0173 svetaini\u0173 elgiasi taip pat, kaip ir tuo atveju, jei tiesiogiai apsilankytum\u0117te kitoje svetain\u0117je.<\/p>\r\n<p>\u0160ios svetain\u0117s gali rinkti duomenis apie jus, naudoti slapukus, \u012fterpti papildom\u0105 tre\u010di\u0173j\u0173 \u0161ali\u0173 steb\u0117jim\u0105 ir steb\u0117ti j\u016bs\u0173 s\u0105veik\u0105 su tokiu \u012fterptu turiniu, \u012fskaitant j\u016bs\u0173 s\u0105veikos su \u012fterptu turiniu steb\u0117jim\u0105, jei turite paskyr\u0105 tose svetain\u0117se ir esate jose prisijung\u0119.<\/p>\r\n<p>Su kuo dalijam\u0117s j\u016bs\u0173 informacija<\/p>\r\n<p>Rekomenduojamas tekstas: Jei papra\u0161ysite i\u0161 naujo nustatyti slapta\u017eod\u012f, j\u016bs\u0173 IP adresas bus \u012ftrauktas \u012f slapta\u017eod\u017eio keitimo el. lai\u0161k\u0105.<\/p>\r\n<p>Kiek laiko saugome j\u016bs\u0173 informacij\u0105<\/p>\r\n<p>Rekomenduojamas tekstas: Jei paliekate komentar\u0105, komentaras ir jo metaduomenys saugomi neribot\u0105 laik\u0105. Tai darome tam, kad gal\u0117tume atpa\u017einti ir automati\u0161kai patvirtinti visus v\u0117lesnius komentarus, u\u017euot laik\u0119 juos moderavimo eil\u0117je.<\/p>\r\n<p>Registruotiems \u0161ios svetain\u0117s naudotojams taip pat saugome asmenin\u0119 informacij\u0105, kuri\u0105 naudotojai pateikia savo profilyje. Visi naudotojai gali bet kada per\u017ei\u016br\u0117ti, redaguoti ar i\u0161trinti savo asmenin\u0119 informacij\u0105 (i\u0161skyrus tai, kad jie negali pakeisti savo naudotojo vardo); svetain\u0117s administratoriai taip pat gali matyti ir redaguoti \u0161i\u0105 informacij\u0105.<\/p>\r\n<p>Kokias teises turite \u012f savo informacij\u0105<\/p>\r\n<p>Rekomenduojamas tekstas: Jei turite paskyr\u0105 \u0161ioje svetain\u0117je arba palikote komentar\u0173, galite papra\u0161yti gauti eksportuot\u0105 m\u016bs\u0173 turim\u0173 j\u016bs\u0173 asmens duomen\u0173 fail\u0105, \u012fskaitant visus duomenis, kuriuos mums pateik\u0117te. Taip pat galite papra\u0161yti, kad i\u0161trintume visus turimus j\u016bs\u0173 asmens duomenis. Tai neapima joki\u0173 duomen\u0173, kuriuos privalome saugoti d\u0117l administracini\u0173, teisini\u0173 ar saugumo prie\u017eas\u010di\u0173.<\/p>\r\n<p>Kur siun\u010diami j\u016bs\u0173 duomenys<\/p>\r\n<p>Rekomenduojamas tekstas: Lankytoj\u0173 komentarai gali b\u016bti tikrinami naudojant automatin\u0119 \u0161lam\u0161to aptikimo paslaug\u0105.<\/p>","protected":false},"excerpt":{"rendered":"<p>Who we are Recommended text: Our website address is: https:\/\/lgsmachine.com. Comments Recommended text: When visitors leave comments we collect the data shown in the comments form, and the visitor&#8217;s IP address and browser user agent string to help spam detection. An anonymized string created from your email address (also called a hash) may be provided [&hellip;]<\/p>","protected":false},"author":1,"featured_media":0,"parent":0,"menu_order":0,"comment_status":"closed","ping_status":"closed","template":"","meta":[],"acf":[],"_links":{"self":[{"href":"https:\/\/www.lgsmachine.com\/lt\/wp-json\/wp\/v2\/pages\/1505"}],"collection":[{"href":"https:\/\/www.lgsmachine.com\/lt\/wp-json\/wp\/v2\/pages"}],"about":[{"href":"https:\/\/www.lgsmachine.com\/lt\/wp-json\/wp\/v2\/types\/page"}],"author":[{"embeddable":true,"href":"https:\/\/www.lgsmachine.com\/lt\/wp-json\/wp\/v2\/users\/1"}],"replies":[{"embeddable":true,"href":"https:\/\/www.lgsmachine.com\/lt\/wp-json\/wp\/v2\/comments?post=1505"}],"version-history":[{"count":0,"href":"https:\/\/www.lgsmachine.com\/lt\/wp-json\/wp\/v2\/pages\/1505\/revisions"}],"wp:attachment":[{"href":"https:\/\/www.lgsmachine.com\/lt\/wp-json\/wp\/v2\/media?parent=1505"}],"curies":[{"name":"wp","href":"https:\/\/api.w.org\/{rel}","templated":true}]}}