{"id":684,"date":"2024-04-26T11:19:57","date_gmt":"2024-04-26T03:19:57","guid":{"rendered":"https:\/\/lgsmachine.com\/?page_id=684"},"modified":"2024-11-05T15:37:07","modified_gmt":"2024-11-05T07:37:07","slug":"faq","status":"publish","type":"page","link":"https:\/\/www.lgsmachine.com\/lt\/faq\/","title":{"rendered":"DUK"},"content":{"rendered":"<div data-elementor-type=\"wp-page\" data-elementor-id=\"684\" class=\"elementor elementor-684\">\n\t\t\t\t\t\t\t\t\t<section class=\"elementor-section elementor-top-section elementor-element elementor-element-e7965f2 elementor-section-height-min-height elementor-section-boxed elementor-section-height-default elementor-section-items-middle\" data-id=\"e7965f2\" data-element_type=\"section\" data-settings=\"{&quot;background_background&quot;:&quot;classic&quot;}\">\n\t\t\t\t\t\t\t<div class=\"elementor-background-overlay\"><\/div>\n\t\t\t\t\t\t\t<div class=\"elementor-container elementor-column-gap-default\">\n\t\t\t\t\t<div class=\"elementor-column elementor-col-100 elementor-top-column elementor-element elementor-element-63f9e7f\" data-id=\"63f9e7f\" data-element_type=\"column\">\n\t\t\t<div class=\"elementor-widget-wrap elementor-element-populated\">\n\t\t\t\t\t\t\t\t<div class=\"elementor-element elementor-element-c52ce48 elementor-widget elementor-widget-heading\" data-id=\"c52ce48\" data-element_type=\"widget\" data-widget_type=\"heading.default\">\n\t\t\t\t<div class=\"elementor-widget-container\">\n\t\t\t<style>\/*! elementor - v3.13.1 - 09-05-2023 *\/\n.elementor-heading-title{padding:0;margin:0;line-height:1}.elementor-widget-heading .elementor-heading-title[class*=elementor-size-]>a{color:inherit;font-size:inherit;line-height:inherit}.elementor-widget-heading .elementor-heading-title.elementor-size-small{font-size:15px}.elementor-widget-heading .elementor-heading-title.elementor-size-medium{font-size:19px}.elementor-widget-heading .elementor-heading-title.elementor-size-large{font-size:29px}.elementor-widget-heading .elementor-heading-title.elementor-size-xl{font-size:39px}.elementor-widget-heading .elementor-heading-title.elementor-size-xxl{font-size:59px}<\/style><h1 class=\"elementor-heading-title elementor-size-default\">DUK<\/h1>\t\t<\/div>\n\t\t\t\t<\/div>\n\t\t\t\t\t<\/div>\n\t\t<\/div>\n\t\t\t\t\t\t\t<\/div>\n\t\t<\/section>\n\t\t\t\t<section class=\"elementor-section elementor-top-section elementor-element elementor-element-1fdf805 elementor-section-boxed elementor-section-height-default elementor-section-height-default\" data-id=\"1fdf805\" data-element_type=\"section\" data-settings=\"{&quot;background_background&quot;:&quot;classic&quot;}\">\n\t\t\t\t\t\t<div class=\"elementor-container elementor-column-gap-default\">\n\t\t\t\t\t<div class=\"elementor-column elementor-col-100 elementor-top-column elementor-element elementor-element-64a9891\" data-id=\"64a9891\" data-element_type=\"column\">\n\t\t\t<div class=\"elementor-widget-wrap elementor-element-populated\">\n\t\t\t\t\t\t\t\t<div class=\"elementor-element elementor-element-d0393d5 breadcrumb elementor-widget elementor-widget-shortcode\" data-id=\"d0393d5\" data-element_type=\"widget\" data-widget_type=\"shortcode.default\">\n\t\t\t\t<div class=\"elementor-widget-container\">\n\t\t\t\t\t<div class=\"elementor-shortcode\"><nav aria-label=\"d\u017ei\u016bv\u0117s\u0117liai\" class=\"rank-math-breadcrumb\"><p><span class=\"last\">Pagrindinis<\/span><\/p><\/nav><\/div>\n\t\t\t\t<\/div>\n\t\t\t\t<\/div>\n\t\t\t\t\t<\/div>\n\t\t<\/div>\n\t\t\t\t\t\t\t<\/div>\n\t\t<\/section>\n\t\t\t\t<section class=\"elementor-section elementor-top-section elementor-element elementor-element-d3eaa56 elementor-section-boxed elementor-section-height-default elementor-section-height-default\" data-id=\"d3eaa56\" data-element_type=\"section\" data-settings=\"{&quot;background_background&quot;:&quot;classic&quot;}\">\n\t\t\t\t\t\t\t<div class=\"elementor-background-overlay\"><\/div>\n\t\t\t\t\t\t\t<div class=\"elementor-container elementor-column-gap-default\">\n\t\t\t\t\t<div class=\"elementor-column elementor-col-100 elementor-top-column elementor-element elementor-element-2d4a379\" data-id=\"2d4a379\" data-element_type=\"column\" data-settings=\"{&quot;background_background&quot;:&quot;classic&quot;}\">\n\t\t\t<div class=\"elementor-widget-wrap elementor-element-populated\">\n\t\t\t\t\t\t\t\t<div class=\"elementor-element elementor-element-54d8f55 bian elementor-widget elementor-widget-heading\" data-id=\"54d8f55\" data-element_type=\"widget\" data-widget_type=\"heading.default\">\n\t\t\t\t<div class=\"elementor-widget-container\">\n\t\t\t<h2 class=\"elementor-heading-title elementor-size-default\">DUK<\/h2>\t\t<\/div>\n\t\t\t\t<\/div>\n\t\t\t\t<div class=\"elementor-element elementor-element-7746ee1 elementor-widget elementor-widget-adweb-pro-faq\" data-id=\"7746ee1\" data-element_type=\"widget\" data-widget_type=\"adweb-pro-faq.default\">\n\t\t\t\t<div class=\"elementor-widget-container\">\n\t\t\t\r\n\t\t<style>\r\n\t\t\t.adweb-panel .panel-heading{\r\n\t\t\t\tcursor: pointer;\r\n\t\t\t}\r\n\r\n\t\t\t.adweb-panel .panel-heading .icon-open,.adweb-panel .panel-heading.active .icon-default{\r\n\t\t\t\tdisplay: none;\r\n\t\t\t}\r\n\t\t\t.adweb-panel .panel-heading.active .icon-open{\r\n\t\t\t\tdisplay: inline-block;\r\n\t\t\t}\r\n\t\t\t.adweb-panel .panel-body{\r\n\t\t\t\tdisplay: none;\r\n\t\t\t\toverflow: hidden;\r\n\t\t\t}\r\n\t\t\t.adweb-panel .panel-heading h1,.adweb-panel .panel-heading h2,.adweb-panel .panel-heading h3\r\n\t\t\t,.adweb-panel .panel-heading h4,.adweb-panel .panel-heading h5,.adweb-panel .panel-heading h6,.adweb-panel .panel-heading div{\r\n\t\t\t\tmargin: 0;\r\n\t\t\t\tdisplay: inline-block;\r\n\t\t\t\tline-height: 20px;\r\n\t\t\t}\r\n\t\t<\/style>\r\n\t\t<div class=\"adweb-panel panel-group\">\r\n\t\t\t\t\t\t<div class=\"panel panel-default\">\r\n\t\t\t\t<div class=\"panel-heading\" onclick=\"toggleThis(this)\">\r\n\t\t\t\t\t\t\t\t\t\t\t<span class=\"icon-default\"><i class=\"fas fa-plus\"><\/i><\/span>\r\n\t\t\t\t\t\t<span class=\"icon-open\"><i class=\"fas fa-minus\"><\/i><\/span>\r\n\t\t\t\t\t\r\n\t\t\t\t\t<div>\r\n\t\t\t\t\t\t<span class=\"panel-heading-content\">Kaip u\u017etikrinti ma\u0161inos kokyb\u0119?<\/span>\r\n\t\t\t\t\t<\/div>\r\n\r\n\r\n\r\n\t\t\t\t\t\t\t\t\t<\/div>\r\n\t\t\t\t<div class=\"panel-body\">\r\n\t\t\t\t\tPrie\u0161 montuojant kiekvien\u0105 \u012frengin\u012f bus atliekami komponent\u0173 bandymai, o po to jis tur\u0117s b\u016bti derinamas, kad atitikt\u0173 sutarties kriterijus.\t\t\t\t<\/div>\r\n\t\t\t<\/div>\r\n\t\t\t\t\t\t<div class=\"panel panel-default\">\r\n\t\t\t\t<div class=\"panel-heading\" onclick=\"toggleThis(this)\">\r\n\t\t\t\t\t\t\t\t\t\t\t<span class=\"icon-default\"><i class=\"fas fa-plus\"><\/i><\/span>\r\n\t\t\t\t\t\t<span class=\"icon-open\"><i class=\"fas fa-minus\"><\/i><\/span>\r\n\t\t\t\t\t\r\n\t\t\t\t\t<div>\r\n\t\t\t\t\t\t<span class=\"panel-heading-content\">Kokia yra u\u017esakytos ma\u0161inos garantija?<\/span>\r\n\t\t\t\t\t<\/div>\r\n\r\n\r\n\r\n\t\t\t\t\t\t\t\t\t<\/div>\r\n\t\t\t\t<div class=\"panel-body\">\r\n\t\t\t\t\tTeisingam ma\u0161inos veikimui ir prie\u017ei\u016brai suteikiama vieneri\u0173 met\u0173 garantija nuo tada, kai ji i\u0161va\u017eiuoja i\u0161 m\u016bs\u0173 gamyklos, i\u0161skyrus elektrinius elementus.\t\t\t\t<\/div>\r\n\t\t\t<\/div>\r\n\t\t\t\t\t\t<div class=\"panel panel-default\">\r\n\t\t\t\t<div class=\"panel-heading\" onclick=\"toggleThis(this)\">\r\n\t\t\t\t\t\t\t\t\t\t\t<span class=\"icon-default\"><i class=\"fas fa-plus\"><\/i><\/span>\r\n\t\t\t\t\t\t<span class=\"icon-open\"><i class=\"fas fa-minus\"><\/i><\/span>\r\n\t\t\t\t\t\r\n\t\t\t\t\t<div>\r\n\t\t\t\t\t\t<span class=\"panel-heading-content\">Ar esate gamintojas?<\/span>\r\n\t\t\t\t\t<\/div>\r\n\r\n\r\n\r\n\t\t\t\t\t\t\t\t\t<\/div>\r\n\t\t\t\t<div class=\"panel-body\">\r\n\t\t\t\t\tTaip, esame profesionali ritini\u0173 formavimo ma\u0161in\u0173 gamykla, turinti daugiau nei 20 met\u0173 gamybos patirt\u012f.\u00a0\t\t\t\t<\/div>\r\n\t\t\t<\/div>\r\n\t\t\t\t\t\t<div class=\"panel panel-default\">\r\n\t\t\t\t<div class=\"panel-heading\" onclick=\"toggleThis(this)\">\r\n\t\t\t\t\t\t\t\t\t\t\t<span class=\"icon-default\"><i class=\"fas fa-plus\"><\/i><\/span>\r\n\t\t\t\t\t\t<span class=\"icon-open\"><i class=\"fas fa-minus\"><\/i><\/span>\r\n\t\t\t\t\t\r\n\t\t\t\t\t<div>\r\n\t\t\t\t\t\t<span class=\"panel-heading-content\">Kokie j\u016bs\u0173 gamybos paj\u0117gumai?<\/span>\r\n\t\t\t\t\t<\/div>\r\n\r\n\r\n\r\n\t\t\t\t\t\t\t\t\t<\/div>\r\n\t\t\t\t<div class=\"panel-body\">\r\n\t\t\t\t\tM\u016bs\u0173 gamyklos gamybos paj\u0117gumai yra apie 30 ma\u0161in\u0173 kiekvien\u0105 m\u0117nes\u012f.\t\t\t\t<\/div>\r\n\t\t\t<\/div>\r\n\t\t\t\t\t\t<div class=\"panel panel-default\">\r\n\t\t\t\t<div class=\"panel-heading\" onclick=\"toggleThis(this)\">\r\n\t\t\t\t\t\t\t\t\t\t\t<span class=\"icon-default\"><i class=\"fas fa-plus\"><\/i><\/span>\r\n\t\t\t\t\t\t<span class=\"icon-open\"><i class=\"fas fa-minus\"><\/i><\/span>\r\n\t\t\t\t\t\r\n\t\t\t\t\t<div>\r\n\t\t\t\t\t\t<span class=\"panel-heading-content\">K\u0105 tur\u0117\u010diau daryti, jei tik pradedu susipa\u017einti su valcavimo ma\u0161inomis?<\/span>\r\n\t\t\t\t\t<\/div>\r\n\r\n\r\n\r\n\t\t\t\t\t\t\t\t\t<\/div>\r\n\t\t\t\t<div class=\"panel-body\">\r\n\t\t\t\t\tNedelsdami susisiekite su mumis, teikiame nemokamas konsultant\u0173 paslaugas prie\u0161 pardavim\u0105.\t\t\t\t<\/div>\r\n\t\t\t<\/div>\r\n\t\t\t\t\t\t<div class=\"panel panel-default\">\r\n\t\t\t\t<div class=\"panel-heading\" onclick=\"toggleThis(this)\">\r\n\t\t\t\t\t\t\t\t\t\t\t<span class=\"icon-default\"><i class=\"fas fa-plus\"><\/i><\/span>\r\n\t\t\t\t\t\t<span class=\"icon-open\"><i class=\"fas fa-minus\"><\/i><\/span>\r\n\t\t\t\t\t\r\n\t\t\t\t\t<div>\r\n\t\t\t\t\t\t<span class=\"panel-heading-content\">Ar galite pagaminti ma\u0161in\u0105 pagal mano dizain\u0105 arba nuotraukos tip\u0105?<\/span>\r\n\t\t\t\t\t<\/div>\r\n\r\n\r\n\r\n\t\t\t\t\t\t\t\t\t<\/div>\r\n\t\t\t\t<div class=\"panel-body\">\r\n\t\t\t\t\tTaip. Turime profesional\u0173 dizainer\u012f, kuris parengia tinkamiausi\u0105 ma\u0161inos, kuri\u0105 ketinate pas mus u\u017esakyti, dizain\u0105 ir gamybos plan\u0105.\t\t\t\t<\/div>\r\n\t\t\t<\/div>\r\n\t\t\t\t\t<\/div>\r\n\t\t<script>\r\n\t\t\tfunction toggleThis(t){\r\n\t\t\t\tjQuery(t).toggleClass('active')\r\n\t\t\t\tjQuery(t).siblings('.panel-body').slideToggle(300)\r\n\t\t\t}\r\n\t\t<\/script>\r\n\t\t\t\t<\/div>\n\t\t\t\t<\/div>\n\t\t\t\t<div class=\"elementor-element elementor-element-81b0394 elementor-align-center elementor-widget elementor-widget-button\" data-id=\"81b0394\" data-element_type=\"widget\" data-widget_type=\"button.default\">\n\t\t\t\t<div class=\"elementor-widget-container\">\n\t\t\t\t\t<div class=\"elementor-button-wrapper\">\n\t\t\t<a href=\"#elementor-action%3Aaction%3Dpopup%3Aopen%26settings%3DeyJpZCI6IjIyMSIsInRvZ2dsZSI6ZmFsc2V9\" class=\"elementor-button-link elementor-button elementor-size-sm\" role=\"button\">\n\t\t\t\t\t\t<span class=\"elementor-button-content-wrapper\">\n\t\t\t\t\t\t<span class=\"elementor-button-text\">Daugiau klausim\u0173<\/span>\n\t\t<\/span>\n\t\t\t\t\t<\/a>\n\t\t<\/div>\n\t\t\t\t<\/div>\n\t\t\t\t<\/div>\n\t\t\t\t\t<\/div>\n\t\t<\/div>\n\t\t\t\t\t\t\t<\/div>\n\t\t<\/section>\n\t\t\t\t\t\t\t<\/div>","protected":false},"excerpt":{"rendered":"<p>DUK DUK Kaip u\u017etikrinti ma\u0161inos kokyb\u0119? Prie\u0161 montuojant kiekvien\u0105 \u012frengin\u012f bus atliekami jo komponent\u0173 bandymai, o po to jis tur\u0117s b\u016bti derinamas, kad atitikt\u0173 sutarties kriterijus. Kokia yra m\u016bs\u0173 u\u017esakyto \u012frenginio garantija? Tinkamai eksploatuojant ir pri\u017ei\u016brint \u012frengin\u012f, jam suteikiama vieneri\u0173 met\u0173 garantija.<\/p>","protected":false},"author":1,"featured_media":0,"parent":0,"menu_order":0,"comment_status":"closed","ping_status":"closed","template":"","meta":[],"acf":[],"_links":{"self":[{"href":"https:\/\/www.lgsmachine.com\/lt\/wp-json\/wp\/v2\/pages\/684"}],"collection":[{"href":"https:\/\/www.lgsmachine.com\/lt\/wp-json\/wp\/v2\/pages"}],"about":[{"href":"https:\/\/www.lgsmachine.com\/lt\/wp-json\/wp\/v2\/types\/page"}],"author":[{"embeddable":true,"href":"https:\/\/www.lgsmachine.com\/lt\/wp-json\/wp\/v2\/users\/1"}],"replies":[{"embeddable":true,"href":"https:\/\/www.lgsmachine.com\/lt\/wp-json\/wp\/v2\/comments?post=684"}],"version-history":[{"count":0,"href":"https:\/\/www.lgsmachine.com\/lt\/wp-json\/wp\/v2\/pages\/684\/revisions"}],"wp:attachment":[{"href":"https:\/\/www.lgsmachine.com\/lt\/wp-json\/wp\/v2\/media?parent=684"}],"curies":[{"name":"wp","href":"https:\/\/api.w.org\/{rel}","templated":true}]}}