{"id":1505,"date":"2024-11-20T14:38:03","date_gmt":"2024-11-20T06:38:03","guid":{"rendered":"https:\/\/lgsmachine.com\/?page_id=1505"},"modified":"2024-11-20T14:45:20","modified_gmt":"2024-11-20T06:45:20","slug":"privacy-policy","status":"publish","type":"page","link":"https:\/\/www.lgsmachine.com\/pl\/polityka-prywatnosci\/","title":{"rendered":"Polityka prywatno\u015bci"},"content":{"rendered":"<p>Kim jeste\u015bmy<\/p>\r\n<p>Zalecany tekst: Adres naszej strony internetowej to: https:\/\/lgsmachine.com.<\/p>\r\n<p>Komentarze<\/p>\r\n<p>Zalecany tekst: Kiedy odwiedzaj\u0105cy zostawiaj\u0105 komentarze, zbieramy dane wy\u015bwietlane w formularzu komentarzy, a tak\u017ce adres IP odwiedzaj\u0105cego i ci\u0105g agenta u\u017cytkownika przegl\u0105darki, aby pom\u00f3c w wykrywaniu spamu.<\/p>\r\n<p>Zanonimizowany ci\u0105g znak\u00f3w utworzony z adresu e-mail u\u017cytkownika (zwany r\u00f3wnie\u017c skr\u00f3tem) mo\u017ce zosta\u0107 przekazany do us\u0142ugi Gravatar w celu sprawdzenia, czy u\u017cytkownik z niej korzysta. Polityka prywatno\u015bci us\u0142ugi Gravatar jest dost\u0119pna tutaj: https:\/\/automattic.com\/privacy\/. Po zatwierdzeniu komentarza zdj\u0119cie profilowe u\u017cytkownika b\u0119dzie widoczne publicznie obok komentarza.<\/p>\r\n<p>Media<\/p>\r\n<p>Zalecany tekst: W przypadku przesy\u0142ania obraz\u00f3w do witryny nale\u017cy unika\u0107 przesy\u0142ania obraz\u00f3w z osadzonymi danymi lokalizacji (EXIF GPS). Odwiedzaj\u0105cy witryn\u0119 mog\u0105 pobiera\u0107 i wyodr\u0119bnia\u0107 dane o lokalizacji z obraz\u00f3w w witrynie.<\/p>\r\n<p>Pliki cookie<\/p>\r\n<p>Zalecany tekst: Je\u015bli zostawisz komentarz na naszej stronie, mo\u017cesz wyrazi\u0107 zgod\u0119 na zapisanie swojego imienia i nazwiska, adresu e-mail i strony internetowej w plikach cookie. Jest to dla Twojej wygody, aby\u015b nie musia\u0142 ponownie wype\u0142nia\u0107 swoich danych, gdy zostawiasz kolejny komentarz. Te pliki cookie b\u0119d\u0105 przechowywane przez rok.<\/p>\r\n<p>Je\u015bli odwiedzisz nasz\u0105 stron\u0119 logowania, ustawimy tymczasowy plik cookie, aby ustali\u0107, czy Twoja przegl\u0105darka akceptuje pliki cookie. Ten plik cookie nie zawiera danych osobowych i jest usuwany po zamkni\u0119ciu przegl\u0105darki.<\/p>\r\n<p>Podczas logowania ustawimy r\u00f3wnie\u017c kilka plik\u00f3w cookie, aby zapami\u0119ta\u0107 dane logowania i opcje wy\u015bwietlania ekranu. Pliki cookie logowania s\u0105 przechowywane przez dwa dni, a pliki cookie opcji wy\u015bwietlania ekranu przez rok. Je\u015bli u\u017cytkownik wybierze opcj\u0119 \"Zapami\u0119taj mnie\", dane logowania pozostan\u0105 zapami\u0119tane przez dwa tygodnie. Po wylogowaniu si\u0119 z konta pliki cookie logowania zostan\u0105 usuni\u0119te.<\/p>\r\n<p>Je\u015bli edytujesz lub publikujesz artyku\u0142, zapiszemy dodatkowy plik cookie w Twojej przegl\u0105darce. Ten plik cookie nie zawiera \u017cadnych danych osobowych i zapami\u0119tuje jedynie identyfikator edytowanego artyku\u0142u. Ten plik cookie dzia\u0142a przez jeden dzie\u0144.<\/p>\r\n<p>Osadzona zawarto\u015b\u0107 z innych stron internetowych<\/p>\r\n<p>Zalecany tekst: Artyku\u0142y na tej stronie mog\u0105 zawiera\u0107 osadzone tre\u015bci (np. filmy, obrazy, artyku\u0142y itp.). Osadzone tre\u015bci z innych witryn zachowuj\u0105 si\u0119 w taki sam spos\u00f3b, jak gdyby\u015b odwiedzi\u0142 inn\u0105 witryn\u0119 bezpo\u015brednio.<\/p>\r\n<p>Witryny te mog\u0105 gromadzi\u0107 dane o u\u017cytkowniku, u\u017cywa\u0107 plik\u00f3w cookie, osadza\u0107 dodatkowe \u015bledzenie stron trzecich i monitorowa\u0107 interakcje u\u017cytkownika z tak\u0105 osadzon\u0105 zawarto\u015bci\u0105, w tym \u015bledzi\u0107 interakcje u\u017cytkownika z osadzon\u0105 zawarto\u015bci\u0105, je\u015bli u\u017cytkownik ma konto w tych witrynach i jest w nich zalogowany.<\/p>\r\n<p>Komu udost\u0119pniamy dane u\u017cytkownika<\/p>\r\n<p>Zalecany tekst: Je\u015bli poprosisz o zresetowanie has\u0142a, Tw\u00f3j adres IP zostanie do\u0142\u0105czony do wiadomo\u015bci e-mail z pro\u015bb\u0105 o zresetowanie has\u0142a.<\/p>\r\n<p>Jak d\u0142ugo przechowujemy informacje o u\u017cytkowniku<\/p>\r\n<p>Zalecany tekst: Je\u015bli zostawisz komentarz, komentarz i jego metadane zostan\u0105 zachowane na czas nieokre\u015blony. Robimy to, aby\u015bmy mogli rozpoznawa\u0107 i automatycznie zatwierdza\u0107 kolejne komentarze, zamiast trzyma\u0107 je w kolejce moderacji.<\/p>\r\n<p>W przypadku zarejestrowanych u\u017cytkownik\u00f3w tej witryny przechowujemy r\u00f3wnie\u017c dane osobowe, kt\u00f3re u\u017cytkownicy podaj\u0105 w swoim profilu. Wszyscy u\u017cytkownicy mog\u0105 przegl\u0105da\u0107, edytowa\u0107 lub usuwa\u0107 swoje dane osobowe w dowolnym momencie (z wyj\u0105tkiem tego, \u017ce nie mog\u0105 zmieni\u0107 swojej nazwy u\u017cytkownika); administratorzy strony mog\u0105 r\u00f3wnie\u017c przegl\u0105da\u0107 i edytowa\u0107 te informacje.<\/p>\r\n<p>Jakie prawa przys\u0142uguj\u0105 u\u017cytkownikowi w odniesieniu do jego danych?<\/p>\r\n<p>Zalecany tekst: Je\u015bli masz konto na tej stronie lub zostawi\u0142e\u015b komentarze, mo\u017cesz poprosi\u0107 o otrzymanie wyeksportowanego pliku danych osobowych, kt\u00f3re przechowujemy na Tw\u00f3j temat, w tym wszelkich danych, kt\u00f3re nam przekaza\u0142e\u015b. U\u017cytkownik mo\u017ce r\u00f3wnie\u017c za\u017c\u0105da\u0107 usuni\u0119cia wszelkich przechowywanych przez nas jego danych osobowych. Nie obejmuje to \u017cadnych danych, kt\u00f3re jeste\u015bmy zobowi\u0105zani przechowywa\u0107 ze wzgl\u0119d\u00f3w administracyjnych, prawnych lub bezpiecze\u0144stwa.<\/p>\r\n<p>Gdzie przesy\u0142ane s\u0105 dane u\u017cytkownika<\/p>\r\n<p>Zalecany tekst: Komentarze odwiedzaj\u0105cych mog\u0105 by\u0107 sprawdzane przez automatyczn\u0105 us\u0142ug\u0119 wykrywania spamu.<\/p>","protected":false},"excerpt":{"rendered":"<p>Kim jeste\u015bmy Zalecany tekst: Adres naszej strony internetowej: https:\/\/lgsmachine.com. Komentarze Zalecany tekst: Kiedy odwiedzaj\u0105cy zostawiaj\u0105 komentarze, zbieramy dane wy\u015bwietlane w formularzu komentarzy oraz adres IP odwiedzaj\u0105cego i ci\u0105g agenta u\u017cytkownika przegl\u0105darki, aby pom\u00f3c w wykrywaniu spamu. Zanonimizowany ci\u0105g znak\u00f3w utworzony z adresu e-mail u\u017cytkownika (zwany r\u00f3wnie\u017c skr\u00f3tem) mo\u017ce by\u0107 [...].<\/p>","protected":false},"author":1,"featured_media":0,"parent":0,"menu_order":0,"comment_status":"closed","ping_status":"closed","template":"","meta":[],"acf":[],"_links":{"self":[{"href":"https:\/\/www.lgsmachine.com\/pl\/wp-json\/wp\/v2\/pages\/1505"}],"collection":[{"href":"https:\/\/www.lgsmachine.com\/pl\/wp-json\/wp\/v2\/pages"}],"about":[{"href":"https:\/\/www.lgsmachine.com\/pl\/wp-json\/wp\/v2\/types\/page"}],"author":[{"embeddable":true,"href":"https:\/\/www.lgsmachine.com\/pl\/wp-json\/wp\/v2\/users\/1"}],"replies":[{"embeddable":true,"href":"https:\/\/www.lgsmachine.com\/pl\/wp-json\/wp\/v2\/comments?post=1505"}],"version-history":[{"count":0,"href":"https:\/\/www.lgsmachine.com\/pl\/wp-json\/wp\/v2\/pages\/1505\/revisions"}],"wp:attachment":[{"href":"https:\/\/www.lgsmachine.com\/pl\/wp-json\/wp\/v2\/media?parent=1505"}],"curies":[{"name":"wp","href":"https:\/\/api.w.org\/{rel}","templated":true}]}}