{"id":1505,"date":"2024-11-20T14:38:03","date_gmt":"2024-11-20T06:38:03","guid":{"rendered":"https:\/\/lgsmachine.com\/?page_id=1505"},"modified":"2024-11-20T14:45:20","modified_gmt":"2024-11-20T06:45:20","slug":"privacy-policy","status":"publish","type":"page","link":"https:\/\/www.lgsmachine.com\/sk\/zasady-ochrany-osobnych-udajov\/","title":{"rendered":"Z\u00e1sady ochrany osobn\u00fdch \u00fadajov"},"content":{"rendered":"<p>Kto sme<\/p>\r\n<p>Odpor\u00fa\u010dan\u00fd text: Na\u0161a webov\u00e1 adresa je: https:\/\/lgsmachine.com.<\/p>\r\n<p>Koment\u00e1re<\/p>\r\n<p>Odpor\u00fa\u010dan\u00fd text: Ke\u010f n\u00e1v\u0161tevn\u00edci zanech\u00e1vaj\u00fa koment\u00e1re, zhroma\u017e\u010fujeme \u00fadaje zobrazen\u00e9 vo formul\u00e1ri koment\u00e1ra a IP adresu n\u00e1v\u0161tevn\u00edka a re\u0165azec pou\u017e\u00edvate\u013esk\u00e9ho agenta prehliada\u010da, aby sme pomohli odhali\u0165 spam.<\/p>\r\n<p>Anonymizovan\u00fd re\u0165azec vytvoren\u00fd z va\u0161ej e-mailovej adresy (naz\u00fdvan\u00fd aj hash) m\u00f4\u017ee by\u0165 poskytnut\u00fd slu\u017ebe Gravatar, aby sa zistilo, \u010di ju pou\u017e\u00edvate. Z\u00e1sady ochrany osobn\u00fdch \u00fadajov slu\u017eby Gravatar s\u00fa k dispoz\u00edcii tu: https:\/\/automattic.com\/privacy\/. Po schv\u00e1len\u00ed v\u00e1\u0161ho koment\u00e1ra bude v\u00e1\u0161 profilov\u00fd obr\u00e1zok vidite\u013en\u00fd pre verejnos\u0165 ved\u013ea v\u00e1\u0161ho koment\u00e1ra.<\/p>\r\n<p>M\u00e9di\u00e1<\/p>\r\n<p>Odpor\u00fa\u010dan\u00fd text: Ak na str\u00e1nku nahr\u00e1vate obr\u00e1zky, mali by ste sa vyhn\u00fa\u0165 nahr\u00e1vaniu obr\u00e1zkov s vlo\u017een\u00fdmi \u00fadajmi o polohe (EXIF GPS). N\u00e1v\u0161tevn\u00edci str\u00e1nky m\u00f4\u017eu z obr\u00e1zkov na str\u00e1nke s\u0165ahova\u0165 a z\u00edskava\u0165 \u00fadaje o polohe.<\/p>\r\n<p>Cookies<\/p>\r\n<p>Odpor\u00fa\u010dan\u00fd text: Ak na na\u0161ej str\u00e1nke zanech\u00e1te koment\u00e1r, m\u00f4\u017eete s\u00fahlasi\u0165 s ulo\u017een\u00edm v\u00e1\u0161ho mena, e-mailovej adresy a webovej str\u00e1nky do s\u00faborov cookie. Je to pre va\u0161e pohodlie, aby ste pri zanechan\u00ed \u010fal\u0161ieho koment\u00e1ra nemuseli svoje \u00fadaje vyp\u013a\u0148a\u0165 znova. Tieto s\u00fabory cookie bud\u00fa trva\u0165 jeden rok.<\/p>\r\n<p>Ak nav\u0161t\u00edvite na\u0161u prihlasovaciu str\u00e1nku, nastav\u00edme do\u010dasn\u00fd s\u00fabor cookie, aby sme zistili, \u010di v\u00e1\u0161 prehliada\u010d prij\u00edma s\u00fabory cookie. Tento s\u00fabor cookie neobsahuje \u017eiadne osobn\u00e9 \u00fadaje a po zatvoren\u00ed prehliada\u010da sa zlikviduje.<\/p>\r\n<p>Pri prihlasovan\u00ed nastav\u00edme aj nieko\u013eko s\u00faborov cookie, aby sme si zapam\u00e4tali va\u0161e prihlasovacie \u00fadaje a vo\u013eby zobrazenia na obrazovke. S\u00fabory cookie na prihl\u00e1senie vydr\u017eia dva dni a s\u00fabory cookie na vo\u013eby zobrazenia obrazovky vydr\u017eia rok. Ak vyberiete mo\u017enos\u0165 \"Zapam\u00e4ta\u0165 si ma\", va\u0161e prihl\u00e1senie zostane zachovan\u00e9 dva t\u00fd\u017edne. Ak sa odhl\u00e1site zo svojho \u00fa\u010dtu, prihlasovacie s\u00fabory cookie sa odstr\u00e1nia.<\/p>\r\n<p>Ak uprav\u00edte alebo uverejn\u00edte \u010dl\u00e1nok, ulo\u017e\u00edme do v\u00e1\u0161ho prehliada\u010da \u010fal\u0161\u00ed s\u00fabor cookie. Tento s\u00fabor cookie neobsahuje \u017eiadne osobn\u00e9 \u00fadaje a pam\u00e4t\u00e1 si len ID \u010dl\u00e1nku, ktor\u00fd ste pr\u00e1ve upravili. Tento s\u00fabor cookie vydr\u017e\u00ed jeden de\u0148.<\/p>\r\n<p>Vlo\u017een\u00fd obsah z in\u00fdch webov\u00fdch lokal\u00edt<\/p>\r\n<p>Odpor\u00fa\u010dan\u00fd text: \u010cl\u00e1nky na tejto str\u00e1nke m\u00f4\u017eu obsahova\u0165 vlo\u017een\u00fd obsah (napr. vide\u00e1, obr\u00e1zky, \u010dl\u00e1nky at\u010f.). Vlo\u017een\u00fd obsah z in\u00fdch webov\u00fdch str\u00e1nok sa spr\u00e1va rovnako, ako keby ste nav\u0161t\u00edvili in\u00fa webov\u00fa str\u00e1nku priamo.<\/p>\r\n<p>Tieto str\u00e1nky m\u00f4\u017eu zhroma\u017e\u010fova\u0165 \u00fadaje o v\u00e1s, pou\u017e\u00edva\u0165 s\u00fabory cookie, vklada\u0165 \u010fal\u0161ie sledovanie tret\u00edch str\u00e1n a monitorova\u0165 va\u0161e interakcie s tak\u00fdmto vlo\u017een\u00fdm obsahom vr\u00e1tane sledovania va\u0161ich interakci\u00ed s vlo\u017een\u00fdm obsahom, ak m\u00e1te na t\u00fdchto str\u00e1nkach \u00fa\u010det a ste na nich prihl\u00e1sen\u00ed.<\/p>\r\n<p>S k\u00fdm zdie\u013eame va\u0161e inform\u00e1cie<\/p>\r\n<p>Odpor\u00fa\u010dan\u00fd text: Ak po\u017eiadate o obnovenie hesla, va\u0161a IP adresa bude uveden\u00e1 v e-maile o obnoven\u00ed hesla.<\/p>\r\n<p>Ako dlho uchov\u00e1vame va\u0161e inform\u00e1cie<\/p>\r\n<p>Odpor\u00fa\u010dan\u00fd text: Ak zanech\u00e1te koment\u00e1r, koment\u00e1r a jeho meta\u00fadaje sa uchov\u00e1vaj\u00fa na neur\u010dito. Rob\u00edme to preto, aby sme mohli rozpozna\u0165 a automaticky schv\u00e1li\u0165 v\u0161etky nasleduj\u00face koment\u00e1re namiesto toho, aby sme ich zadr\u017eiavali vo fronte na moderovanie.<\/p>\r\n<p>V pr\u00edpade registrovan\u00fdch pou\u017e\u00edvate\u013eov tejto str\u00e1nky uklad\u00e1me aj osobn\u00e9 \u00fadaje, ktor\u00e9 pou\u017e\u00edvatelia poskytn\u00fa vo svojom profile. V\u0161etci pou\u017e\u00edvatelia m\u00f4\u017eu svoje osobn\u00e9 \u00fadaje kedyko\u013evek zobrazi\u0165, upravi\u0165 alebo vymaza\u0165 (okrem toho, \u017ee nem\u00f4\u017eu zmeni\u0165 svoje pou\u017e\u00edvate\u013esk\u00e9 meno); tieto \u00fadaje m\u00f4\u017eu vidie\u0165 a upravova\u0165 aj spr\u00e1vcovia webu.<\/p>\r\n<p>Ak\u00e9 pr\u00e1va m\u00e1te na svoje inform\u00e1cie<\/p>\r\n<p>Odpor\u00fa\u010dan\u00fd text: Ak m\u00e1te na tejto str\u00e1nke \u00fa\u010det alebo ste zanechali koment\u00e1r, m\u00f4\u017eete po\u017eiada\u0165 o zaslanie exportovan\u00e9ho s\u00faboru osobn\u00fdch \u00fadajov, ktor\u00e9 o v\u00e1s uchov\u00e1vame, vr\u00e1tane v\u0161etk\u00fdch \u00fadajov, ktor\u00e9 ste n\u00e1m poskytli. M\u00f4\u017eete tie\u017e po\u017eiada\u0165, aby sme vymazali v\u0161etky osobn\u00e9 \u00fadaje, ktor\u00e9 o v\u00e1s m\u00e1me. Toto sa net\u00fdka \u00fadajov, ktor\u00e9 sme povinn\u00ed uchov\u00e1va\u0165 z administrat\u00edvnych, pr\u00e1vnych alebo bezpe\u010dnostn\u00fdch d\u00f4vodov.<\/p>\r\n<p>Kam sa va\u0161e \u00fadaje odosielaj\u00fa<\/p>\r\n<p>Odpor\u00fa\u010dan\u00fd text: Koment\u00e1re n\u00e1v\u0161tevn\u00edkov m\u00f4\u017eu by\u0165 kontrolovan\u00e9 prostredn\u00edctvom automatickej slu\u017eby na detekciu spamu.<\/p>","protected":false},"excerpt":{"rendered":"<p>Who we are Recommended text: Our website address is: https:\/\/lgsmachine.com. Comments Recommended text: When visitors leave comments we collect the data shown in the comments form, and the visitor&#8217;s IP address and browser user agent string to help spam detection. An anonymized string created from your email address (also called a hash) may be provided [&hellip;]<\/p>","protected":false},"author":1,"featured_media":0,"parent":0,"menu_order":0,"comment_status":"closed","ping_status":"closed","template":"","meta":[],"acf":[],"_links":{"self":[{"href":"https:\/\/www.lgsmachine.com\/sk\/wp-json\/wp\/v2\/pages\/1505"}],"collection":[{"href":"https:\/\/www.lgsmachine.com\/sk\/wp-json\/wp\/v2\/pages"}],"about":[{"href":"https:\/\/www.lgsmachine.com\/sk\/wp-json\/wp\/v2\/types\/page"}],"author":[{"embeddable":true,"href":"https:\/\/www.lgsmachine.com\/sk\/wp-json\/wp\/v2\/users\/1"}],"replies":[{"embeddable":true,"href":"https:\/\/www.lgsmachine.com\/sk\/wp-json\/wp\/v2\/comments?post=1505"}],"version-history":[{"count":0,"href":"https:\/\/www.lgsmachine.com\/sk\/wp-json\/wp\/v2\/pages\/1505\/revisions"}],"wp:attachment":[{"href":"https:\/\/www.lgsmachine.com\/sk\/wp-json\/wp\/v2\/media?parent=1505"}],"curies":[{"name":"wp","href":"https:\/\/api.w.org\/{rel}","templated":true}]}}