{"id":165,"date":"2023-07-04T13:41:25","date_gmt":"2023-07-04T05:41:25","guid":{"rendered":"https:\/\/lgsmachine.com\/?page_id=165"},"modified":"2025-02-17T10:30:44","modified_gmt":"2025-02-17T02:30:44","slug":"contact-us","status":"publish","type":"page","link":"https:\/\/www.lgsmachine.com\/sk\/kontaktujte-nas\/","title":{"rendered":"Kontaktujte n\u00e1s"},"content":{"rendered":"<div data-elementor-type=\"wp-page\" data-elementor-id=\"165\" class=\"elementor elementor-165\">\n\t\t\t\t\t\t\t\t\t<section class=\"elementor-section elementor-top-section elementor-element elementor-element-72b4d365 elementor-section-height-min-height elementor-section-boxed elementor-section-height-default elementor-section-items-middle\" data-id=\"72b4d365\" data-element_type=\"section\" data-settings=\"{&quot;background_background&quot;:&quot;classic&quot;}\">\n\t\t\t\t\t\t\t<div class=\"elementor-background-overlay\"><\/div>\n\t\t\t\t\t\t\t<div class=\"elementor-container elementor-column-gap-default\">\n\t\t\t\t\t<div class=\"elementor-column elementor-col-100 elementor-top-column elementor-element elementor-element-1618d228\" data-id=\"1618d228\" data-element_type=\"column\">\n\t\t\t<div class=\"elementor-widget-wrap elementor-element-populated\">\n\t\t\t\t\t\t\t\t\t<\/div>\n\t\t<\/div>\n\t\t\t\t\t\t\t<\/div>\n\t\t<\/section>\n\t\t\t\t<section class=\"elementor-section elementor-top-section elementor-element elementor-element-8f1d93d elementor-section-boxed elementor-section-height-default elementor-section-height-default\" data-id=\"8f1d93d\" data-element_type=\"section\" data-settings=\"{&quot;background_background&quot;:&quot;classic&quot;}\">\n\t\t\t\t\t\t<div class=\"elementor-container elementor-column-gap-default\">\n\t\t\t\t\t<div class=\"elementor-column elementor-col-100 elementor-top-column elementor-element elementor-element-3a61350\" data-id=\"3a61350\" data-element_type=\"column\">\n\t\t\t<div class=\"elementor-widget-wrap elementor-element-populated\">\n\t\t\t\t\t\t\t\t<div class=\"elementor-element elementor-element-1b72475 breadcrumb elementor-widget elementor-widget-shortcode\" data-id=\"1b72475\" data-element_type=\"widget\" data-widget_type=\"shortcode.default\">\n\t\t\t\t<div class=\"elementor-widget-container\">\n\t\t\t\t\t<div class=\"elementor-shortcode\"><nav aria-label=\"str\u00fahanka\" class=\"rank-math-breadcrumb\"><p><span class=\"last\">Domov<\/span><\/p><\/nav><\/div>\n\t\t\t\t<\/div>\n\t\t\t\t<\/div>\n\t\t\t\t\t<\/div>\n\t\t<\/div>\n\t\t\t\t\t\t\t<\/div>\n\t\t<\/section>\n\t\t\t\t<section class=\"elementor-section elementor-top-section elementor-element elementor-element-0fde148 elementor-section-boxed elementor-section-height-default elementor-section-height-default\" data-id=\"0fde148\" data-element_type=\"section\" data-settings=\"{&quot;background_background&quot;:&quot;classic&quot;}\">\n\t\t\t\t\t\t<div class=\"elementor-container elementor-column-gap-default\">\n\t\t\t\t\t<div class=\"elementor-column elementor-col-100 elementor-top-column elementor-element elementor-element-9bd3987\" data-id=\"9bd3987\" data-element_type=\"column\" data-settings=\"{&quot;background_background&quot;:&quot;classic&quot;}\">\n\t\t\t<div class=\"elementor-widget-wrap elementor-element-populated\">\n\t\t\t\t\t\t\t\t<section class=\"elementor-section elementor-inner-section elementor-element elementor-element-a58a2e6 elementor-section-boxed elementor-section-height-default elementor-section-height-default\" data-id=\"a58a2e6\" data-element_type=\"section\">\n\t\t\t\t\t\t<div class=\"elementor-container elementor-column-gap-default\">\n\t\t\t\t\t<div class=\"elementor-column elementor-col-50 elementor-inner-column elementor-element elementor-element-c5de63f\" data-id=\"c5de63f\" data-element_type=\"column\">\n\t\t\t<div class=\"elementor-widget-wrap elementor-element-populated\">\n\t\t\t\t\t\t\t\t<div class=\"elementor-element elementor-element-5b4cb07 elementor-widget elementor-widget-heading\" data-id=\"5b4cb07\" data-element_type=\"widget\" data-widget_type=\"heading.default\">\n\t\t\t\t<div class=\"elementor-widget-container\">\n\t\t\t<style>\/*! elementor - v3.13.1 - 09-05-2023 *\/\n.elementor-heading-title{padding:0;margin:0;line-height:1}.elementor-widget-heading .elementor-heading-title[class*=elementor-size-]>a{color:inherit;font-size:inherit;line-height:inherit}.elementor-widget-heading .elementor-heading-title.elementor-size-small{font-size:15px}.elementor-widget-heading .elementor-heading-title.elementor-size-medium{font-size:19px}.elementor-widget-heading .elementor-heading-title.elementor-size-large{font-size:29px}.elementor-widget-heading .elementor-heading-title.elementor-size-xl{font-size:39px}.elementor-widget-heading .elementor-heading-title.elementor-size-xxl{font-size:59px}<\/style><h2 class=\"elementor-heading-title elementor-size-default\">Spojme sa. Kontaktujte n\u00e1s.<\/h2>\t\t<\/div>\n\t\t\t\t<\/div>\n\t\t\t\t<div class=\"elementor-element elementor-element-a8a83a6 elementor-icon-list--layout-traditional elementor-list-item-link-full_width elementor-widget elementor-widget-icon-list\" data-id=\"a8a83a6\" data-element_type=\"widget\" data-widget_type=\"icon-list.default\">\n\t\t\t\t<div class=\"elementor-widget-container\">\n\t\t\t<link rel=\"stylesheet\" href=\"https:\/\/www.lgsmachine.com\/wp-content\/plugins\/elementor\/assets\/css\/widget-icon-list.min.css\">\t\t<ul class=\"elementor-icon-list-items\">\n\t\t\t\t\t\t\t<li class=\"elementor-icon-list-item\">\n\t\t\t\t\t\t\t\t\t\t\t<a href=\"tel:%20+86%2018205955343\">\n\n\t\t\t\t\t\t\t\t\t\t\t\t<span class=\"elementor-icon-list-icon\">\n\t\t\t\t\t\t\t<i aria-hidden=\"true\" class=\"fas fa-phone-alt\"><\/i>\t\t\t\t\t\t<\/span>\n\t\t\t\t\t\t\t\t\t\t<span class=\"elementor-icon-list-text\"> +86 18205955343<\/span>\n\t\t\t\t\t\t\t\t\t\t\t<\/a>\n\t\t\t\t\t\t\t\t\t<\/li>\n\t\t\t\t\t\t\t\t<li class=\"elementor-icon-list-item\">\n\t\t\t\t\t\t\t\t\t\t\t<a href=\"mailto:formingmachine3@126.com\">\n\n\t\t\t\t\t\t\t\t\t\t\t\t<span class=\"elementor-icon-list-icon\">\n\t\t\t\t\t\t\t<i aria-hidden=\"true\" class=\"far fa-envelope\"><\/i>\t\t\t\t\t\t<\/span>\n\t\t\t\t\t\t\t\t\t\t<span class=\"elementor-icon-list-text\">formingmachine3@126.com<\/span>\n\t\t\t\t\t\t\t\t\t\t\t<\/a>\n\t\t\t\t\t\t\t\t\t<\/li>\n\t\t\t\t\t\t\t\t<li class=\"elementor-icon-list-item\">\n\t\t\t\t\t\t\t\t\t\t\t<span class=\"elementor-icon-list-icon\">\n\t\t\t\t\t\t\t<i aria-hidden=\"true\" class=\"fas fa-map-marker-alt\"><\/i>\t\t\t\t\t\t<\/span>\n\t\t\t\t\t\t\t\t\t\t<span class=\"elementor-icon-list-text\">304-2, \u010c. 134 SONGBAI ROAD, SIMING, XIAMEN, FUJIAN, CHINA<\/span>\n\t\t\t\t\t\t\t\t\t<\/li>\n\t\t\t\t\t\t\t\t<li class=\"elementor-icon-list-item\">\n\t\t\t\t\t\t\t\t\t\t\t<a href=\"https:\/\/api.whatsapp.com\/send?phone=+8618205955343&#038;text=Hello\" rel=\"nofollow noopener\" target=\"_blank\">\n\n\t\t\t\t\t\t\t\t\t\t\t\t<span class=\"elementor-icon-list-icon\">\n\t\t\t\t\t\t\t<i aria-hidden=\"true\" class=\"fab fa-whatsapp\"><\/i>\t\t\t\t\t\t<\/span>\n\t\t\t\t\t\t\t\t\t\t<span class=\"elementor-icon-list-text\">+86 18205955343<\/span>\n\t\t\t\t\t\t\t\t\t\t\t<\/a>\n\t\t\t\t\t\t\t\t\t<\/li>\n\t\t\t\t\t\t<\/ul>\n\t\t\t\t<\/div>\n\t\t\t\t<\/div>\n\t\t\t\t\t<\/div>\n\t\t<\/div>\n\t\t\t\t<div class=\"elementor-column elementor-col-50 elementor-inner-column elementor-element elementor-element-53186f4\" data-id=\"53186f4\" data-element_type=\"column\">\n\t\t\t<div class=\"elementor-widget-wrap elementor-element-populated\">\n\t\t\t\t\t\t\t\t<div class=\"elementor-element elementor-element-076ba77 elementor-widget elementor-widget-wpforms\" data-id=\"076ba77\" data-element_type=\"widget\" data-widget_type=\"wpforms.default\">\n\t\t\t\t<div class=\"elementor-widget-container\">\n\t\t\t<div class=\"wpforms-container wpforms-container-full\" id=\"wpforms-206\"><form id=\"wpforms-form-206\" class=\"wpforms-validate wpforms-form wpforms-ajax-form\" data-formid=\"206\" method=\"post\" enctype=\"multipart\/form-data\" action=\"\/sk\/wp-json\/wp\/v2\/pages\/165\" data-token=\"221385649c5f4fbca5a38561ca366db4\" data-token-time=\"1775408811\" data-trp-original-action=\"\/sk\/wp-json\/wp\/v2\/pages\/165\"><noscript class=\"wpforms-error-noscript\">Ak chcete vyplni\u0165 tento formul\u00e1r, povo\u013ete vo svojom prehliada\u010di JavaScript.<\/noscript><div class=\"wpforms-field-container\"><div id=\"wpforms-206-field_1-container\" class=\"wpforms-field wpforms-field-text\" data-field-id=\"1\"><label class=\"wpforms-field-label wpforms-label-hide\" for=\"wpforms-206-field_1\">Va\u0161e meno <span class=\"wpforms-required-label\">*<\/span><\/label><input type=\"text\" id=\"wpforms-206-field_1\" class=\"wpforms-field-large wpforms-field-required\" name=\"wpforms[fields][1]\" placeholder=\"Va\u0161e meno*\" required><\/div><div id=\"wpforms-206-field_2-container\" class=\"wpforms-field wpforms-field-email\" data-field-id=\"2\"><label class=\"wpforms-field-label wpforms-label-hide\" for=\"wpforms-206-field_2\">V\u00e1\u0161 e-mail <span class=\"wpforms-required-label\">*<\/span><\/label><input type=\"email\" id=\"wpforms-206-field_2\" class=\"wpforms-field-large wpforms-field-required\" name=\"wpforms[fields][2]\" placeholder=\"V\u00e1\u0161 e-mail*\" spellcheck=\"false\" required><\/div><div id=\"wpforms-206-field_3-container\" class=\"wpforms-field wpforms-field-phone\" data-field-id=\"3\"><label class=\"wpforms-field-label wpforms-label-hide\" for=\"wpforms-206-field_3\">Telef\u00f3n <span class=\"wpforms-required-label\">*<\/span><\/label><input type=\"tel\" id=\"wpforms-206-field_3\" class=\"wpforms-field-large wpforms-field-required\" data-rule-int-phone-field=\"true\" name=\"wpforms[fields][3]\" placeholder=\"Telef\u00f3n*\" aria-label=\"Telef\u00f3n\" required><\/div><div id=\"wpforms-206-field_4-container\" class=\"wpforms-field wpforms-field-textarea\" data-field-id=\"4\"><label class=\"wpforms-field-label wpforms-label-hide\" for=\"wpforms-206-field_4\">Va\u0161a spr\u00e1va <span class=\"wpforms-required-label\">*<\/span><\/label><textarea id=\"wpforms-206-field_4\" class=\"wpforms-field-large wpforms-field-required\" name=\"wpforms[fields][4]\" placeholder=\"Va\u0161a spr\u00e1va*\" required><\/textarea><\/div><div id=\"wpforms-206-field_8-container\" class=\"wpforms-field wpforms-field-name\" data-field-id=\"8\"><label class=\"wpforms-field-label\">\u540d\u79f0 <span class=\"wpforms-required-label\">*<\/span><\/label><div class=\"wpforms-field-row wpforms-field-medium\"><div class=\"wpforms-field-row-block wpforms-first wpforms-one-half\"><input type=\"text\" id=\"wpforms-206-field_8\" class=\"wpforms-field-name-first wpforms-field-required\" name=\"wpforms[fields][8][first]\" required><label for=\"wpforms-206-field_8\" class=\"wpforms-field-sublabel after\">First<\/label><\/div><div class=\"wpforms-field-row-block wpforms-one-half\"><input type=\"text\" id=\"wpforms-206-field_8-last\" class=\"wpforms-field-name-last wpforms-field-required\" name=\"wpforms[fields][8][last]\" required><label for=\"wpforms-206-field_8-last\" class=\"wpforms-field-sublabel after\">Last<\/label><\/div><\/div><\/div><div id=\"wpforms-206-field_9-container\" class=\"wpforms-field wpforms-field-hidden\" data-field-id=\"9\"><input type=\"hidden\" id=\"wpforms-206-field_9\" name=\"wpforms[fields][9]\" value=\"https:\/\/www.lgsmachine.com\/sk\/wp-json\/wp\/v2\/pages\/165\"><\/div><div id=\"wpforms-206-field_10-container\" class=\"wpforms-field wpforms-field-hidden\" data-field-id=\"10\"><input type=\"hidden\" id=\"wpforms-206-field_10\" name=\"wpforms[fields][10]\" value=\"216.73.216.14\"><\/div><\/div><!-- .wpforms-field-container --><div class=\"wpforms-recaptcha-container wpforms-is-turnstile\" ><div class=\"g-recaptcha\" data-sitekey=\"0x4AAAAAABAkWuXkxJkDwWJd\" data-action=\"FormID-206\"><\/div><input type=\"text\" name=\"g-recaptcha-hidden\" class=\"wpforms-recaptcha-hidden\" style=\"position:absolute!important;clip:rect(0,0,0,0)!important;height:1px!important;width:1px!important;border:0!important;overflow:hidden!important;padding:0!important;margin:0!important;\" data-rule-turnstile=\"1\"><\/div><div class=\"wpforms-submit-container\" ><input type=\"hidden\" name=\"wpforms[id]\" value=\"206\"><input type=\"hidden\" name=\"page_title\" value=\"\"><input type=\"hidden\" name=\"page_url\" value=\"https:\/\/www.lgsmachine.com\/sk\/wp-json\/wp\/v2\/pages\/165\"><input type=\"hidden\" name=\"url_referer\" value=\"\"><button type=\"submit\" name=\"wpforms[submit]\" id=\"wpforms-submit-206\" class=\"wpforms-submit button  background-color FA6400\" data-alt-text=\"Sending...\" data-submit-text=\"SUBMIT NOW\" aria-live=\"assertive\" value=\"wpforms-submit\">PREDLO\u017dTE TERAZ<\/button><img decoding=\"async\" loading=\"lazy\" src=\"https:\/\/www.lgsmachine.com\/wp-content\/plugins\/wpforms\/assets\/images\/submit-spin.svg\" class=\"wpforms-submit-spinner\" style=\"display: none;\" width=\"26\" height=\"26\" alt=\"Na\u010d\u00edtanie\"><\/div><input type=\"hidden\" name=\"trp-form-language\" value=\"sk\"\/><\/form><\/div>  <!-- .wpforms-container -->\t\t<\/div>\n\t\t\t\t<\/div>\n\t\t\t\t\t<\/div>\n\t\t<\/div>\n\t\t\t\t\t\t\t<\/div>\n\t\t<\/section>\n\t\t\t\t\t<\/div>\n\t\t<\/div>\n\t\t\t\t\t\t\t<\/div>\n\t\t<\/section>\n\t\t\t\t<section class=\"elementor-section elementor-top-section elementor-element elementor-element-ce5db44 elementor-section-full_width elementor-section-height-default elementor-section-height-default\" data-id=\"ce5db44\" data-element_type=\"section\">\n\t\t\t\t\t\t<div class=\"elementor-container elementor-column-gap-no\">\n\t\t\t\t\t<div class=\"elementor-column elementor-col-100 elementor-top-column elementor-element elementor-element-9469cf4\" data-id=\"9469cf4\" data-element_type=\"column\">\n\t\t\t<div class=\"elementor-widget-wrap elementor-element-populated\">\n\t\t\t\t\t\t\t\t<div class=\"elementor-element elementor-element-6747292 elementor-widget elementor-widget-adweb-pro-google-map\" data-id=\"6747292\" data-element_type=\"widget\" data-widget_type=\"adweb-pro-google-map.default\">\n\t\t\t\t<div class=\"elementor-widget-container\">\n\t\t\t\t\t<style>\r\n\t\t\t#map {\r\n\t\t\t\theight: 400px; \/* The height is 400 pixels *\/\r\n\t\t\t\twidth: 100%; \/* The width is the width of the web page *\/\r\n\t\t\t}\r\n\t\t<\/style>\r\n\r\n\t\t<div id=\"map\"><\/div>\r\n\r\n\t\t<script>\r\n\t\t\tfunction loadScript(url, callback) {\r\n\t\t\t\tvar script = document.createElement(\"script\");\r\n\t\t\t\tscript.type = \"text\/javascript\";\r\n\t\t\t\tif(typeof(callback) != \"undefined\"){\r\n\t\t\t\t\tif (script.readyState) {\r\n\t\t\t\t\t\tscript.onreadystatechange = function () {\r\n\t\t\t\t\t\t\tif (script.readyState == \"loaded\" || script.readyState == \"complete\") {\r\n\t\t\t\t\t\t\t\tscript.onreadystatechange = null;\r\n\t\t\t\t\t\t\t\tcallback();\r\n\t\t\t\t\t\t\t}\r\n\t\t\t\t\t\t};\r\n\t\t\t\t\t} else {\r\n\t\t\t\t\t\tscript.onload = function () {\r\n\t\t\t\t\t\t\tcallback();\r\n\t\t\t\t\t\t};\r\n\t\t\t\t\t}\r\n\t\t\t\t}\r\n\t\t\t\tscript.src = url;\r\n\t\t\t\tdocument.body.appendChild(script);\r\n\t\t\t}\r\n\t\t\tloadScript(\"https:\/\/maps.googleapis.com\/maps\/api\/js?key=AIzaSyAvTVnnDLfxdaK2i-f0pRMJOrdwZvxUBjU&libraries=places&callback=initMap\", function () {\r\n\t\t\t\tinitMap();\r\n\t\t\t})\r\n\t\t\tfunction initMap() {\r\n\t\t\t\t\/\/ The location of Uluru\r\n\t\t\t\tconst uluru = { lat: 24.495878, lng:118.132353};\r\n\t\t\t\t\/\/ The map, centered at Uluru\r\n\t\t\t\tconst map = new google.maps.Map(document.getElementById(\"map\"), {\r\n\t\t\t\t\tzoom: 12,\r\n\t\t\t\t\tcenter: uluru,\r\n\t\t\t\t});\r\n\t\t\t\tconst contentString =\r\n\t\t\t\t\t'<div id=\"content\">' +\r\n\t\t\t\t\t'<div id=\"siteNotice\">' +\r\n\t\t\t\t\t\"<\/div>\" +\r\n\t\t\t\t\t'XIAMEN SKD MACHINE TECHNOLOGY CO.,LTD'\r\n\t\t\t\t\t +\r\n\t\t\t\t\t\"<\/div>\" +\r\n\t\t\t\t\t\"<\/div>\";\r\n\r\n\t\t\t\tconst infowindow = new google.maps.InfoWindow({\r\n\t\t\t\t\tcontent: contentString,\r\n\t\t\t\t\tariaLabel: \"Uluru\",\r\n\t\t\t\t});\r\n\t\t\t\t\/\/ The marker, positioned at Uluru\r\n\t\t\t\tconst marker = new google.maps.Marker({\r\n\t\t\t\t\tposition: uluru,\r\n\t\t\t\t\tmap: map,\r\n\t\t\t\t});\r\n\t\t\t\tmarker.addListener(\"click\", () => {\r\n\t\t\t\t\tinfowindow.open({\r\n\t\t\t\t\t\tanchor: marker,\r\n\t\t\t\t\t\tmap,\r\n\t\t\t\t\t});\r\n\t\t\t\t});\r\n\t\t\t}\r\n\r\n\t\t<\/script>\r\n\t\t\t\t<\/div>\n\t\t\t\t<\/div>\n\t\t\t\t\t<\/div>\n\t\t<\/div>\n\t\t\t\t\t\t\t<\/div>\n\t\t<\/section>\n\t\t\t\t\t\t\t<\/div>","protected":false},"excerpt":{"rendered":"<p>Let&#8217;s Get in Touch. Contact Us. +86 18205955343<\/p>","protected":false},"author":1,"featured_media":0,"parent":0,"menu_order":0,"comment_status":"closed","ping_status":"closed","template":"","meta":[],"acf":[],"_links":{"self":[{"href":"https:\/\/www.lgsmachine.com\/sk\/wp-json\/wp\/v2\/pages\/165"}],"collection":[{"href":"https:\/\/www.lgsmachine.com\/sk\/wp-json\/wp\/v2\/pages"}],"about":[{"href":"https:\/\/www.lgsmachine.com\/sk\/wp-json\/wp\/v2\/types\/page"}],"author":[{"embeddable":true,"href":"https:\/\/www.lgsmachine.com\/sk\/wp-json\/wp\/v2\/users\/1"}],"replies":[{"embeddable":true,"href":"https:\/\/www.lgsmachine.com\/sk\/wp-json\/wp\/v2\/comments?post=165"}],"version-history":[{"count":0,"href":"https:\/\/www.lgsmachine.com\/sk\/wp-json\/wp\/v2\/pages\/165\/revisions"}],"wp:attachment":[{"href":"https:\/\/www.lgsmachine.com\/sk\/wp-json\/wp\/v2\/media?parent=165"}],"curies":[{"name":"wp","href":"https:\/\/api.w.org\/{rel}","templated":true}]}}