{"id":1505,"date":"2024-11-20T14:38:03","date_gmt":"2024-11-20T06:38:03","guid":{"rendered":"https:\/\/lgsmachine.com\/?page_id=1505"},"modified":"2024-11-20T14:45:20","modified_gmt":"2024-11-20T06:45:20","slug":"privacy-policy","status":"publish","type":"page","link":"https:\/\/www.lgsmachine.com\/sv\/integritetspolicy\/","title":{"rendered":"Integritetspolicy"},"content":{"rendered":"<p>Vilka vi \u00e4r<\/p>\r\n<p>Rekommenderad text: V\u00e5r webbadress \u00e4r: https:\/\/lgsmachine.com.<\/p>\r\n<p>Kommentarer<\/p>\r\n<p>Rekommenderad text: N\u00e4r bes\u00f6kare l\u00e4mnar kommentarer samlar vi in de uppgifter som visas i kommentarsformul\u00e4ret samt bes\u00f6karens IP-adress och webbl\u00e4sarens user agent-str\u00e4ng f\u00f6r att underl\u00e4tta uppt\u00e4ckt av spam.<\/p>\r\n<p>En anonymiserad str\u00e4ng som skapats fr\u00e5n din e-postadress (\u00e4ven kallad hash) kan tillhandah\u00e5llas Gravatar-tj\u00e4nsten f\u00f6r att se om du anv\u00e4nder den. Gravatar-tj\u00e4nstens sekretesspolicy finns tillg\u00e4nglig h\u00e4r: https:\/\/automattic.com\/privacy\/. Efter att din kommentar har godk\u00e4nts kommer din profilbild att vara synlig f\u00f6r allm\u00e4nheten bredvid din kommentar.<\/p>\r\n<p>Media<\/p>\r\n<p>Rekommenderad text: Om du laddar upp bilder till webbplatsen b\u00f6r du undvika att ladda upp bilder med inb\u00e4ddade platsdata (EXIF GPS) inkluderade. Bes\u00f6kare p\u00e5 webbplatsen kan ladda ner och extrahera platsdata fr\u00e5n bilder p\u00e5 webbplatsen.<\/p>\r\n<p>Kakor<\/p>\r\n<p>Rekommenderad text: Om du l\u00e4mnar en kommentar p\u00e5 v\u00e5r webbplats kan du v\u00e4lja att spara ditt namn, e-postadress och webbplats i cookies. Detta \u00e4r f\u00f6r din bekv\u00e4mlighet s\u00e5 att du inte beh\u00f6ver fylla i dina uppgifter igen n\u00e4r du l\u00e4mnar en annan kommentar. Dessa cookies kommer att vara i ett \u00e5r.<\/p>\r\n<p>Om du bes\u00f6ker v\u00e5r inloggningssida kommer vi att s\u00e4tta en tillf\u00e4llig cookie f\u00f6r att avg\u00f6ra om din webbl\u00e4sare accepterar cookies. Denna cookie inneh\u00e5ller inga personuppgifter och raderas n\u00e4r du st\u00e4nger din webbl\u00e4sare.<\/p>\r\n<p>N\u00e4r du loggar in kommer vi ocks\u00e5 att s\u00e4tta flera cookies f\u00f6r att komma ih\u00e5g dina inloggningsuppgifter och dina sk\u00e4rmvisningsval. Inloggningscookies finns kvar i tv\u00e5 dagar och cookies f\u00f6r sk\u00e4rmvisningsalternativ finns kvar i ett \u00e5r. Om du v\u00e4ljer \"Kom ih\u00e5g mig\" kommer din inloggning att finnas kvar i tv\u00e5 veckor. Om du loggar ut fr\u00e5n ditt konto kommer inloggningscookies att tas bort.<\/p>\r\n<p>Om du redigerar eller publicerar en artikel sparar vi ytterligare en cookie i din webbl\u00e4sare. Den h\u00e4r cookien inneh\u00e5ller inga personuppgifter och kommer bara ih\u00e5g ID:t f\u00f6r den artikel du just redigerade. Den h\u00e4r cookien \u00e4r giltig i en dag.<\/p>\r\n<p>Inb\u00e4ddat inneh\u00e5ll fr\u00e5n andra webbplatser<\/p>\r\n<p>Rekommenderad text: Artiklar p\u00e5 denna webbplats kan inneh\u00e5lla inb\u00e4ddat inneh\u00e5ll (t.ex. videor, bilder, artiklar etc.). Inb\u00e4ddat inneh\u00e5ll fr\u00e5n andra webbplatser beter sig p\u00e5 samma s\u00e4tt som om du hade bes\u00f6kt den andra webbplatsen direkt.<\/p>\r\n<p>Dessa webbplatser kan samla in uppgifter om dig, anv\u00e4nda cookies, b\u00e4dda in ytterligare sp\u00e5rning fr\u00e5n tredje part och \u00f6vervaka dina interaktioner med s\u00e5dant inb\u00e4ddat inneh\u00e5ll, inklusive att sp\u00e5ra dina interaktioner med det inb\u00e4ddade inneh\u00e5llet om du har ett konto p\u00e5 dessa webbplatser och \u00e4r inloggad p\u00e5 dessa webbplatser.<\/p>\r\n<p>Vem vi delar din information med<\/p>\r\n<p>Rekommenderad text: Om du beg\u00e4r en \u00e5terst\u00e4llning av l\u00f6senordet kommer din IP-adress att inkluderas i e-postmeddelandet om \u00e5terst\u00e4llning av l\u00f6senordet.<\/p>\r\n<p>Hur l\u00e4nge beh\u00e5ller vi din information<\/p>\r\n<p>Rekommenderad text: Om du l\u00e4mnar en kommentar sparas kommentaren och dess metadata p\u00e5 obest\u00e4md tid. Detta g\u00f6r vi f\u00f6r att vi ska kunna k\u00e4nna igen och automatiskt godk\u00e4nna eventuella efterf\u00f6ljande kommentarer i st\u00e4llet f\u00f6r att h\u00e5lla dem i en modereringsk\u00f6.<\/p>\r\n<p>F\u00f6r registrerade anv\u00e4ndare av denna webbplats lagrar vi ocks\u00e5 den personliga information som anv\u00e4ndarna tillhandah\u00e5ller i sin profil. Alla anv\u00e4ndare kan n\u00e4r som helst se, redigera eller radera sina personuppgifter (f\u00f6rutom att de inte kan \u00e4ndra sitt anv\u00e4ndarnamn); webbplatsadministrat\u00f6rer kan ocks\u00e5 se och redigera den informationen.<\/p>\r\n<p>Vilka r\u00e4ttigheter har du \u00f6ver din information<\/p>\r\n<p>Rekommenderad text: Om du har ett konto p\u00e5 den h\u00e4r webbplatsen eller har l\u00e4mnat kommentarer kan du beg\u00e4ra att f\u00e5 en exporterad fil med de personuppgifter vi har om dig, inklusive eventuella uppgifter som du har l\u00e4mnat till oss. Du kan ocks\u00e5 beg\u00e4ra att vi raderar alla personuppgifter som vi har om dig. Detta omfattar inte uppgifter som vi \u00e4r skyldiga att beh\u00e5lla av administrativa, juridiska eller s\u00e4kerhetsrelaterade sk\u00e4l.<\/p>\r\n<p>Vart dina uppgifter skickas<\/p>\r\n<p>Rekommenderad text: Bes\u00f6kares kommentarer kan kontrolleras genom en automatiserad tj\u00e4nst f\u00f6r uppt\u00e4ckt av skr\u00e4ppost.<\/p>","protected":false},"excerpt":{"rendered":"<p>Who we are Recommended text: Our website address is: https:\/\/lgsmachine.com. Comments Recommended text: When visitors leave comments we collect the data shown in the comments form, and the visitor&#8217;s IP address and browser user agent string to help spam detection. An anonymized string created from your email address (also called a hash) may be provided [&hellip;]<\/p>","protected":false},"author":1,"featured_media":0,"parent":0,"menu_order":0,"comment_status":"closed","ping_status":"closed","template":"","meta":[],"acf":[],"_links":{"self":[{"href":"https:\/\/www.lgsmachine.com\/sv\/wp-json\/wp\/v2\/pages\/1505"}],"collection":[{"href":"https:\/\/www.lgsmachine.com\/sv\/wp-json\/wp\/v2\/pages"}],"about":[{"href":"https:\/\/www.lgsmachine.com\/sv\/wp-json\/wp\/v2\/types\/page"}],"author":[{"embeddable":true,"href":"https:\/\/www.lgsmachine.com\/sv\/wp-json\/wp\/v2\/users\/1"}],"replies":[{"embeddable":true,"href":"https:\/\/www.lgsmachine.com\/sv\/wp-json\/wp\/v2\/comments?post=1505"}],"version-history":[{"count":0,"href":"https:\/\/www.lgsmachine.com\/sv\/wp-json\/wp\/v2\/pages\/1505\/revisions"}],"wp:attachment":[{"href":"https:\/\/www.lgsmachine.com\/sv\/wp-json\/wp\/v2\/media?parent=1505"}],"curies":[{"name":"wp","href":"https:\/\/api.w.org\/{rel}","templated":true}]}}