{"id":684,"date":"2024-04-26T11:19:57","date_gmt":"2024-04-26T03:19:57","guid":{"rendered":"https:\/\/lgsmachine.com\/?page_id=684"},"modified":"2024-11-05T15:37:07","modified_gmt":"2024-11-05T07:37:07","slug":"faq","status":"publish","type":"page","link":"https:\/\/www.lgsmachine.com\/sv\/fragor-och-svar\/","title":{"rendered":"VANLIGA FR\u00c5GOR"},"content":{"rendered":"<div data-elementor-type=\"wp-page\" data-elementor-id=\"684\" class=\"elementor elementor-684\">\n\t\t\t\t\t\t\t\t\t<section class=\"elementor-section elementor-top-section elementor-element elementor-element-e7965f2 elementor-section-height-min-height elementor-section-boxed elementor-section-height-default elementor-section-items-middle\" data-id=\"e7965f2\" data-element_type=\"section\" data-settings=\"{&quot;background_background&quot;:&quot;classic&quot;}\">\n\t\t\t\t\t\t\t<div class=\"elementor-background-overlay\"><\/div>\n\t\t\t\t\t\t\t<div class=\"elementor-container elementor-column-gap-default\">\n\t\t\t\t\t<div class=\"elementor-column elementor-col-100 elementor-top-column elementor-element elementor-element-63f9e7f\" data-id=\"63f9e7f\" data-element_type=\"column\">\n\t\t\t<div class=\"elementor-widget-wrap elementor-element-populated\">\n\t\t\t\t\t\t\t\t<div class=\"elementor-element elementor-element-c52ce48 elementor-widget elementor-widget-heading\" data-id=\"c52ce48\" data-element_type=\"widget\" data-widget_type=\"heading.default\">\n\t\t\t\t<div class=\"elementor-widget-container\">\n\t\t\t<style>\/*! elementor - v3.13.1 - 09-05-2023 *\/\n.elementor-heading-title{padding:0;margin:0;line-height:1}.elementor-widget-heading .elementor-heading-title[class*=elementor-size-]>a{color:inherit;font-size:inherit;line-height:inherit}.elementor-widget-heading .elementor-heading-title.elementor-size-small{font-size:15px}.elementor-widget-heading .elementor-heading-title.elementor-size-medium{font-size:19px}.elementor-widget-heading .elementor-heading-title.elementor-size-large{font-size:29px}.elementor-widget-heading .elementor-heading-title.elementor-size-xl{font-size:39px}.elementor-widget-heading .elementor-heading-title.elementor-size-xxl{font-size:59px}<\/style><h1 class=\"elementor-heading-title elementor-size-default\">VANLIGA FR\u00c5GOR<\/h1>\t\t<\/div>\n\t\t\t\t<\/div>\n\t\t\t\t\t<\/div>\n\t\t<\/div>\n\t\t\t\t\t\t\t<\/div>\n\t\t<\/section>\n\t\t\t\t<section class=\"elementor-section elementor-top-section elementor-element elementor-element-1fdf805 elementor-section-boxed elementor-section-height-default elementor-section-height-default\" data-id=\"1fdf805\" data-element_type=\"section\" data-settings=\"{&quot;background_background&quot;:&quot;classic&quot;}\">\n\t\t\t\t\t\t<div class=\"elementor-container elementor-column-gap-default\">\n\t\t\t\t\t<div class=\"elementor-column elementor-col-100 elementor-top-column elementor-element elementor-element-64a9891\" data-id=\"64a9891\" data-element_type=\"column\">\n\t\t\t<div class=\"elementor-widget-wrap elementor-element-populated\">\n\t\t\t\t\t\t\t\t<div class=\"elementor-element elementor-element-d0393d5 breadcrumb elementor-widget elementor-widget-shortcode\" data-id=\"d0393d5\" data-element_type=\"widget\" data-widget_type=\"shortcode.default\">\n\t\t\t\t<div class=\"elementor-widget-container\">\n\t\t\t\t\t<div class=\"elementor-shortcode\"><nav aria-label=\"br\u00f6dsmulor\" class=\"rank-math-breadcrumb\"><p><span class=\"last\">Hem<\/span><\/p><\/nav><\/div>\n\t\t\t\t<\/div>\n\t\t\t\t<\/div>\n\t\t\t\t\t<\/div>\n\t\t<\/div>\n\t\t\t\t\t\t\t<\/div>\n\t\t<\/section>\n\t\t\t\t<section class=\"elementor-section elementor-top-section elementor-element elementor-element-d3eaa56 elementor-section-boxed elementor-section-height-default elementor-section-height-default\" data-id=\"d3eaa56\" data-element_type=\"section\" data-settings=\"{&quot;background_background&quot;:&quot;classic&quot;}\">\n\t\t\t\t\t\t\t<div class=\"elementor-background-overlay\"><\/div>\n\t\t\t\t\t\t\t<div class=\"elementor-container elementor-column-gap-default\">\n\t\t\t\t\t<div class=\"elementor-column elementor-col-100 elementor-top-column elementor-element elementor-element-2d4a379\" data-id=\"2d4a379\" data-element_type=\"column\" data-settings=\"{&quot;background_background&quot;:&quot;classic&quot;}\">\n\t\t\t<div class=\"elementor-widget-wrap elementor-element-populated\">\n\t\t\t\t\t\t\t\t<div class=\"elementor-element elementor-element-54d8f55 bian elementor-widget elementor-widget-heading\" data-id=\"54d8f55\" data-element_type=\"widget\" data-widget_type=\"heading.default\">\n\t\t\t\t<div class=\"elementor-widget-container\">\n\t\t\t<h2 class=\"elementor-heading-title elementor-size-default\">VANLIGA FR\u00c5GOR<\/h2>\t\t<\/div>\n\t\t\t\t<\/div>\n\t\t\t\t<div class=\"elementor-element elementor-element-7746ee1 elementor-widget elementor-widget-adweb-pro-faq\" data-id=\"7746ee1\" data-element_type=\"widget\" data-widget_type=\"adweb-pro-faq.default\">\n\t\t\t\t<div class=\"elementor-widget-container\">\n\t\t\t\r\n\t\t<style>\r\n\t\t\t.adweb-panel .panel-heading{\r\n\t\t\t\tcursor: pointer;\r\n\t\t\t}\r\n\r\n\t\t\t.adweb-panel .panel-heading .icon-open,.adweb-panel .panel-heading.active .icon-default{\r\n\t\t\t\tdisplay: none;\r\n\t\t\t}\r\n\t\t\t.adweb-panel .panel-heading.active .icon-open{\r\n\t\t\t\tdisplay: inline-block;\r\n\t\t\t}\r\n\t\t\t.adweb-panel .panel-body{\r\n\t\t\t\tdisplay: none;\r\n\t\t\t\toverflow: hidden;\r\n\t\t\t}\r\n\t\t\t.adweb-panel .panel-heading h1,.adweb-panel .panel-heading h2,.adweb-panel .panel-heading h3\r\n\t\t\t,.adweb-panel .panel-heading h4,.adweb-panel .panel-heading h5,.adweb-panel .panel-heading h6,.adweb-panel .panel-heading div{\r\n\t\t\t\tmargin: 0;\r\n\t\t\t\tdisplay: inline-block;\r\n\t\t\t\tline-height: 20px;\r\n\t\t\t}\r\n\t\t<\/style>\r\n\t\t<div class=\"adweb-panel panel-group\">\r\n\t\t\t\t\t\t<div class=\"panel panel-default\">\r\n\t\t\t\t<div class=\"panel-heading\" onclick=\"toggleThis(this)\">\r\n\t\t\t\t\t\t\t\t\t\t\t<span class=\"icon-default\"><i class=\"fas fa-plus\"><\/i><\/span>\r\n\t\t\t\t\t\t<span class=\"icon-open\"><i class=\"fas fa-minus\"><\/i><\/span>\r\n\t\t\t\t\t\r\n\t\t\t\t\t<div>\r\n\t\t\t\t\t\t<span class=\"panel-heading-content\">Hur kan du s\u00e4kerst\u00e4lla kvaliteten p\u00e5 din maskin?<\/span>\r\n\t\t\t\t\t<\/div>\r\n\r\n\r\n\r\n\t\t\t\t\t\t\t\t\t<\/div>\r\n\t\t\t\t<div class=\"panel-body\">\r\n\t\t\t\t\tVarje enhet kommer att genomg\u00e5 komponenttestning innan den installeras, och d\u00e4refter m\u00e5ste den fels\u00f6kas f\u00f6r att uppfylla kontraktets kriterier.\t\t\t\t<\/div>\r\n\t\t\t<\/div>\r\n\t\t\t\t\t\t<div class=\"panel panel-default\">\r\n\t\t\t\t<div class=\"panel-heading\" onclick=\"toggleThis(this)\">\r\n\t\t\t\t\t\t\t\t\t\t\t<span class=\"icon-default\"><i class=\"fas fa-plus\"><\/i><\/span>\r\n\t\t\t\t\t\t<span class=\"icon-open\"><i class=\"fas fa-minus\"><\/i><\/span>\r\n\t\t\t\t\t\r\n\t\t\t\t\t<div>\r\n\t\t\t\t\t\t<span class=\"panel-heading-content\">Vad \u00e4r garantin f\u00f6r den maskin vi best\u00e4llde?<\/span>\r\n\t\t\t\t\t<\/div>\r\n\r\n\r\n\r\n\t\t\t\t\t\t\t\t\t<\/div>\r\n\t\t\t\t<div class=\"panel-body\">\r\n\t\t\t\t\tVid korrekt drift och underh\u00e5ll \u00e4r maskinen garanterad i ett \u00e5r sedan den l\u00e4mnade v\u00e5r fabrik exklusive de elektriska elementen.\t\t\t\t<\/div>\r\n\t\t\t<\/div>\r\n\t\t\t\t\t\t<div class=\"panel panel-default\">\r\n\t\t\t\t<div class=\"panel-heading\" onclick=\"toggleThis(this)\">\r\n\t\t\t\t\t\t\t\t\t\t\t<span class=\"icon-default\"><i class=\"fas fa-plus\"><\/i><\/span>\r\n\t\t\t\t\t\t<span class=\"icon-open\"><i class=\"fas fa-minus\"><\/i><\/span>\r\n\t\t\t\t\t\r\n\t\t\t\t\t<div>\r\n\t\t\t\t\t\t<span class=\"panel-heading-content\">\u00c4r du en tillverkare?<\/span>\r\n\t\t\t\t\t<\/div>\r\n\r\n\r\n\r\n\t\t\t\t\t\t\t\t\t<\/div>\r\n\t\t\t\t<div class=\"panel-body\">\r\n\t\t\t\t\tJa, vi \u00e4r en professionell fabrik f\u00f6r rullformningsmaskiner med mer \u00e4n 20 \u00e5rs produktionserfarenhet.\u00a0\t\t\t\t<\/div>\r\n\t\t\t<\/div>\r\n\t\t\t\t\t\t<div class=\"panel panel-default\">\r\n\t\t\t\t<div class=\"panel-heading\" onclick=\"toggleThis(this)\">\r\n\t\t\t\t\t\t\t\t\t\t\t<span class=\"icon-default\"><i class=\"fas fa-plus\"><\/i><\/span>\r\n\t\t\t\t\t\t<span class=\"icon-open\"><i class=\"fas fa-minus\"><\/i><\/span>\r\n\t\t\t\t\t\r\n\t\t\t\t\t<div>\r\n\t\t\t\t\t\t<span class=\"panel-heading-content\">Hur stor \u00e4r er produktionskapacitet?<\/span>\r\n\t\t\t\t\t<\/div>\r\n\r\n\r\n\r\n\t\t\t\t\t\t\t\t\t<\/div>\r\n\t\t\t\t<div class=\"panel-body\">\r\n\t\t\t\t\tV\u00e5r fabriks produktionskapacitet \u00e4r cirka 30 maskiner varje m\u00e5nad.\t\t\t\t<\/div>\r\n\t\t\t<\/div>\r\n\t\t\t\t\t\t<div class=\"panel panel-default\">\r\n\t\t\t\t<div class=\"panel-heading\" onclick=\"toggleThis(this)\">\r\n\t\t\t\t\t\t\t\t\t\t\t<span class=\"icon-default\"><i class=\"fas fa-plus\"><\/i><\/span>\r\n\t\t\t\t\t\t<span class=\"icon-open\"><i class=\"fas fa-minus\"><\/i><\/span>\r\n\t\t\t\t\t\r\n\t\t\t\t\t<div>\r\n\t\t\t\t\t\t<span class=\"panel-heading-content\">Vad ska jag g\u00f6ra om jag precis b\u00f6rjar l\u00e4ra k\u00e4nna rullformningsmaskiner?<\/span>\r\n\t\t\t\t\t<\/div>\r\n\r\n\r\n\r\n\t\t\t\t\t\t\t\t\t<\/div>\r\n\t\t\t\t<div class=\"panel-body\">\r\n\t\t\t\t\tKontakta oss omedelbart, vi tillhandah\u00e5ller gratis konsulttj\u00e4nst f\u00f6re f\u00f6rs\u00e4ljning.\t\t\t\t<\/div>\r\n\t\t\t<\/div>\r\n\t\t\t\t\t\t<div class=\"panel panel-default\">\r\n\t\t\t\t<div class=\"panel-heading\" onclick=\"toggleThis(this)\">\r\n\t\t\t\t\t\t\t\t\t\t\t<span class=\"icon-default\"><i class=\"fas fa-plus\"><\/i><\/span>\r\n\t\t\t\t\t\t<span class=\"icon-open\"><i class=\"fas fa-minus\"><\/i><\/span>\r\n\t\t\t\t\t\r\n\t\t\t\t\t<div>\r\n\t\t\t\t\t\t<span class=\"panel-heading-content\">Kan du g\u00f6ra maskinen enligt min design eller fototyp?<\/span>\r\n\t\t\t\t\t<\/div>\r\n\r\n\r\n\r\n\t\t\t\t\t\t\t\t\t<\/div>\r\n\t\t\t\t<div class=\"panel-body\">\r\n\t\t\t\t\tJa, det har vi. Vi har en professionell konstrukt\u00f6r som tar fram den mest l\u00e4mpliga konstruktions- och produktionsplanen f\u00f6r den maskin som du ska boka hos oss.\t\t\t\t<\/div>\r\n\t\t\t<\/div>\r\n\t\t\t\t\t<\/div>\r\n\t\t<script>\r\n\t\t\tfunction toggleThis(t){\r\n\t\t\t\tjQuery(t).toggleClass('active')\r\n\t\t\t\tjQuery(t).siblings('.panel-body').slideToggle(300)\r\n\t\t\t}\r\n\t\t<\/script>\r\n\t\t\t\t<\/div>\n\t\t\t\t<\/div>\n\t\t\t\t<div class=\"elementor-element elementor-element-81b0394 elementor-align-center elementor-widget elementor-widget-button\" data-id=\"81b0394\" data-element_type=\"widget\" data-widget_type=\"button.default\">\n\t\t\t\t<div class=\"elementor-widget-container\">\n\t\t\t\t\t<div class=\"elementor-button-wrapper\">\n\t\t\t<a href=\"#elementor-action%3Aaction%3Dpopup%3Aopen%26settings%3DeyJpZCI6IjIyMSIsInRvZ2dsZSI6ZmFsc2V9\" class=\"elementor-button-link elementor-button elementor-size-sm\" role=\"button\">\n\t\t\t\t\t\t<span class=\"elementor-button-content-wrapper\">\n\t\t\t\t\t\t<span class=\"elementor-button-text\">Fler fr\u00e5gor<\/span>\n\t\t<\/span>\n\t\t\t\t\t<\/a>\n\t\t<\/div>\n\t\t\t\t<\/div>\n\t\t\t\t<\/div>\n\t\t\t\t\t<\/div>\n\t\t<\/div>\n\t\t\t\t\t\t\t<\/div>\n\t\t<\/section>\n\t\t\t\t\t\t\t<\/div>","protected":false},"excerpt":{"rendered":"<p>FAQ FAQ Hur kan du s\u00e4kerst\u00e4lla kvaliteten p\u00e5 din maskin? Varje enhet kommer att genomg\u00e5 komponenttestning innan den installeras, och den m\u00e5ste fels\u00f6kas efter det f\u00f6r att matcha kontraktets kriterier. Vad \u00e4r garantin f\u00f6r den maskin vi best\u00e4llde? Vid korrekt drift och underh\u00e5ll garanteras maskinen i ett \u00e5r [...]<\/p>","protected":false},"author":1,"featured_media":0,"parent":0,"menu_order":0,"comment_status":"closed","ping_status":"closed","template":"","meta":[],"acf":[],"_links":{"self":[{"href":"https:\/\/www.lgsmachine.com\/sv\/wp-json\/wp\/v2\/pages\/684"}],"collection":[{"href":"https:\/\/www.lgsmachine.com\/sv\/wp-json\/wp\/v2\/pages"}],"about":[{"href":"https:\/\/www.lgsmachine.com\/sv\/wp-json\/wp\/v2\/types\/page"}],"author":[{"embeddable":true,"href":"https:\/\/www.lgsmachine.com\/sv\/wp-json\/wp\/v2\/users\/1"}],"replies":[{"embeddable":true,"href":"https:\/\/www.lgsmachine.com\/sv\/wp-json\/wp\/v2\/comments?post=684"}],"version-history":[{"count":0,"href":"https:\/\/www.lgsmachine.com\/sv\/wp-json\/wp\/v2\/pages\/684\/revisions"}],"wp:attachment":[{"href":"https:\/\/www.lgsmachine.com\/sv\/wp-json\/wp\/v2\/media?parent=684"}],"curies":[{"name":"wp","href":"https:\/\/api.w.org\/{rel}","templated":true}]}}