{"id":1505,"date":"2024-11-20T14:38:03","date_gmt":"2024-11-20T06:38:03","guid":{"rendered":"https:\/\/lgsmachine.com\/?page_id=1505"},"modified":"2024-11-20T14:45:20","modified_gmt":"2024-11-20T06:45:20","slug":"privacy-policy","status":"publish","type":"page","link":"https:\/\/www.lgsmachine.com\/tr\/gizlilik-politikasi\/","title":{"rendered":"Gizlilik Politikas\u0131"},"content":{"rendered":"<p>Biz Kimiz<\/p>\r\n<p>\u00d6nerilen metin: Web sitesi adresimiz: https:\/\/lgsmachine.com.<\/p>\r\n<p>Yorumlar<\/p>\r\n<p>\u00d6nerilen metin: Ziyaret\u00e7iler yorum b\u0131rakt\u0131\u011f\u0131nda, spam tespitine yard\u0131mc\u0131 olmak i\u00e7in yorum formunda g\u00f6sterilen verileri ve ziyaret\u00e7inin IP adresini ve taray\u0131c\u0131 kullan\u0131c\u0131 arac\u0131s\u0131 dizesini toplar\u0131z.<\/p>\r\n<p>E-posta adresinizden olu\u015fturulan anonimle\u015ftirilmi\u015f bir dize (hash olarak da adland\u0131r\u0131l\u0131r), kullan\u0131p kullanmad\u0131\u011f\u0131n\u0131z\u0131 g\u00f6rmek i\u00e7in Gravatar hizmetine sa\u011flanabilir. Gravatar hizmetinin gizlilik politikas\u0131na buradan ula\u015fabilirsiniz: https:\/\/automattic.com\/privacy\/. Yorumunuzun onaylanmas\u0131n\u0131n ard\u0131ndan, profil resminiz yorumunuzun yan\u0131nda herkese g\u00f6r\u00fcn\u00fcr olacakt\u0131r.<\/p>\r\n<p>Medya<\/p>\r\n<p>\u00d6nerilen metin: Siteye resim y\u00fckl\u00fcyorsan\u0131z, g\u00f6m\u00fcl\u00fc konum verileri (EXIF GPS) i\u00e7eren resimleri y\u00fcklemekten ka\u00e7\u0131nmal\u0131s\u0131n\u0131z. Siteyi ziyaret edenler sitedeki resimlerden konum verilerini indirebilir ve \u00e7\u0131karabilir.<\/p>\r\n<p>\u00c7erezler<\/p>\r\n<p>\u00d6nerilen metin: Sitemize bir yorum b\u0131rak\u0131rsan\u0131z, ad\u0131n\u0131z\u0131, e-posta adresinizi ve web sitenizi \u00e7erezlere kaydetmeyi se\u00e7ebilirsiniz. Bu size kolayl\u0131k sa\u011flamak i\u00e7indir, b\u00f6ylece ba\u015fka bir yorum b\u0131rakt\u0131\u011f\u0131n\u0131zda bilgilerinizi tekrar doldurman\u0131z gerekmez. Bu \u00e7erezler bir y\u0131l boyunca saklanacakt\u0131r.<\/p>\r\n<p>Giri\u015f sayfam\u0131z\u0131 ziyaret ederseniz, taray\u0131c\u0131n\u0131z\u0131n \u00e7erezleri kabul edip etmedi\u011fini belirlemek i\u00e7in ge\u00e7ici bir \u00e7erez ayarlayaca\u011f\u0131z. Bu \u00e7erez hi\u00e7bir ki\u015fisel veri i\u00e7ermez ve taray\u0131c\u0131n\u0131z\u0131 kapatt\u0131\u011f\u0131n\u0131zda at\u0131l\u0131r.<\/p>\r\n<p>Giri\u015f yapt\u0131\u011f\u0131n\u0131zda, giri\u015f bilgilerinizi ve ekran g\u00f6r\u00fcnt\u00fcleme se\u00e7eneklerinizi hat\u0131rlamak i\u00e7in birka\u00e7 \u00e7erez de ayarlayaca\u011f\u0131z. Giri\u015f \u00e7erezleri iki g\u00fcn, ekran g\u00f6r\u00fcnt\u00fcleme se\u00e7enekleri \u00e7erezleri ise bir y\u0131l boyunca kal\u0131r. \"Beni hat\u0131rla\" se\u00e7ene\u011fini se\u00e7erseniz, giri\u015f bilgileriniz iki hafta boyunca kal\u0131r. Hesab\u0131n\u0131zdan \u00e7\u0131k\u0131\u015f yaparsan\u0131z, giri\u015f \u00e7erezleri kald\u0131r\u0131lacakt\u0131r.<\/p>\r\n<p>Bir makaleyi d\u00fczenledi\u011finizde veya yay\u0131nlad\u0131\u011f\u0131n\u0131zda, taray\u0131c\u0131n\u0131za ek bir \u00e7erez kaydedece\u011fiz. Bu \u00e7erez hi\u00e7bir ki\u015fisel veri i\u00e7ermez ve sadece d\u00fczenledi\u011finiz makalenin kimli\u011fini hat\u0131rlar. Bu \u00e7erez bir g\u00fcn s\u00fcrer.<\/p>\r\n<p>Di\u011fer web sitelerinden g\u00f6m\u00fcl\u00fc i\u00e7erik<\/p>\r\n<p>\u00d6nerilen metin: Bu sitedeki makaleler g\u00f6m\u00fcl\u00fc i\u00e7erik (\u00f6r. videolar, resimler, makaleler, vb.) i\u00e7erebilir. Di\u011fer web sitelerinden gelen g\u00f6m\u00fcl\u00fc i\u00e7erik, di\u011fer web sitesini do\u011frudan ziyaret etmi\u015fsiniz gibi ayn\u0131 \u015fekilde davran\u0131r.<\/p>\r\n<p>Bu siteler hakk\u0131n\u0131zda veri toplayabilir, \u00e7erez kullanabilir, ek \u00fc\u00e7\u00fcnc\u00fc taraf takibi yerle\u015ftirebilir ve bu sitelerde bir hesab\u0131n\u0131z varsa ve bu sitelerde oturum a\u00e7t\u0131ysan\u0131z g\u00f6m\u00fcl\u00fc i\u00e7erikle etkile\u015fimlerinizi izlemek de dahil olmak \u00fczere bu t\u00fcr g\u00f6m\u00fcl\u00fc i\u00e7erikle etkile\u015fimlerinizi izleyebilir.<\/p>\r\n<p>Bilgilerinizi kimlerle payla\u015f\u0131yoruz<\/p>\r\n<p>\u00d6nerilen metin: Parola s\u0131f\u0131rlama talebinde bulunursan\u0131z, IP adresiniz parola s\u0131f\u0131rlama e-postas\u0131na dahil edilecektir.<\/p>\r\n<p>Bilgilerinizi ne kadar s\u00fcreyle sakl\u0131yoruz<\/p>\r\n<p>\u00d6nerilen metin: Bir yorum b\u0131rak\u0131rsan\u0131z, yorum ve meta verileri s\u00fcresiz olarak saklan\u0131r. Bunu, sonraki yorumlar\u0131 bir moderasyon kuyru\u011funda tutmak yerine tan\u0131y\u0131p otomatik olarak onaylayabilmek i\u00e7in yap\u0131yoruz.<\/p>\r\n<p>Bu sitenin kay\u0131tl\u0131 kullan\u0131c\u0131lar\u0131 i\u00e7in, kullan\u0131c\u0131lar\u0131n profillerinde sa\u011flad\u0131klar\u0131 ki\u015fisel bilgileri de saklar\u0131z. T\u00fcm kullan\u0131c\u0131lar ki\u015fisel bilgilerini istedikleri zaman g\u00f6rebilir, d\u00fczenleyebilir veya silebilir (kullan\u0131c\u0131 adlar\u0131n\u0131 de\u011fi\u015ftirememeleri hari\u00e7); site y\u00f6neticileri de bu bilgileri g\u00f6rebilir ve d\u00fczenleyebilir.<\/p>\r\n<p>Bilgileriniz \u00fczerinde hangi haklara sahipsiniz?<\/p>\r\n<p>\u00d6nerilen metin: Bu sitede bir hesab\u0131n\u0131z varsa veya yorum b\u0131rakt\u0131ysan\u0131z, bize sa\u011flad\u0131\u011f\u0131n\u0131z veriler de dahil olmak \u00fczere hakk\u0131n\u0131zda tuttu\u011fumuz ki\u015fisel verilerin d\u0131\u015fa aktar\u0131lm\u0131\u015f bir dosyas\u0131n\u0131 almay\u0131 talep edebilirsiniz. Ayr\u0131ca hakk\u0131n\u0131zda tuttu\u011fumuz t\u00fcm ki\u015fisel verileri silmemizi de talep edebilirsiniz. Bu, idari, yasal veya g\u00fcvenlik nedenleriyle saklamak zorunda oldu\u011fumuz verileri i\u00e7ermez.<\/p>\r\n<p>Verilerinizin g\u00f6nderildi\u011fi yer<\/p>\r\n<p>\u00d6nerilen metin: Ziyaret\u00e7i yorumlar\u0131 otomatik bir spam alg\u0131lama hizmeti arac\u0131l\u0131\u011f\u0131yla kontrol edilebilir.<\/p>","protected":false},"excerpt":{"rendered":"<p>Biz kimiz Tavsiye edilen metin: Web sitesi adresimiz: https:\/\/lgsmachine.com. Yorumlar \u00d6nerilen metin: Ziyaret\u00e7iler yorum b\u0131rakt\u0131\u011f\u0131nda, spam tespitine yard\u0131mc\u0131 olmak i\u00e7in yorum formunda g\u00f6sterilen verileri ve ziyaret\u00e7inin IP adresini ve taray\u0131c\u0131 kullan\u0131c\u0131 arac\u0131s\u0131 dizesini toplar\u0131z. E-posta adresinizden olu\u015fturulan anonimle\u015ftirilmi\u015f bir dize (hash olarak da adland\u0131r\u0131l\u0131r) sa\u011flanabilir [...]<\/p>","protected":false},"author":1,"featured_media":0,"parent":0,"menu_order":0,"comment_status":"closed","ping_status":"closed","template":"","meta":[],"acf":[],"_links":{"self":[{"href":"https:\/\/www.lgsmachine.com\/tr\/wp-json\/wp\/v2\/pages\/1505"}],"collection":[{"href":"https:\/\/www.lgsmachine.com\/tr\/wp-json\/wp\/v2\/pages"}],"about":[{"href":"https:\/\/www.lgsmachine.com\/tr\/wp-json\/wp\/v2\/types\/page"}],"author":[{"embeddable":true,"href":"https:\/\/www.lgsmachine.com\/tr\/wp-json\/wp\/v2\/users\/1"}],"replies":[{"embeddable":true,"href":"https:\/\/www.lgsmachine.com\/tr\/wp-json\/wp\/v2\/comments?post=1505"}],"version-history":[{"count":0,"href":"https:\/\/www.lgsmachine.com\/tr\/wp-json\/wp\/v2\/pages\/1505\/revisions"}],"wp:attachment":[{"href":"https:\/\/www.lgsmachine.com\/tr\/wp-json\/wp\/v2\/media?parent=1505"}],"curies":[{"name":"wp","href":"https:\/\/api.w.org\/{rel}","templated":true}]}}